{"id":3024,"date":"2025-03-08T08:09:09","date_gmt":"2025-03-08T08:09:09","guid":{"rendered":"https:\/\/hubba.co.nz\/ai-cono-adolescente\/"},"modified":"2025-03-08T08:09:09","modified_gmt":"2025-03-08T08:09:09","slug":"ai-cono-adolescente","status":"publish","type":"page","link":"https:\/\/hubba.co.nz\/es\/ai-cono-adolescente\/","title":{"rendered":"AI Co\u00f1o Adolescente"},"content":{"rendered":"\r\n    <div class=\"conteiner-tq6\">\r\n        <div class=\"conteiner-hh9\"><img decoding=\"async\" src=\"https:\/\/public-use.b-cdn.net\/ai\/webp\/blonde.webp?width=321&height=431\" class=\"image-i1a\"><\/div>\r\n        <div class=\"block-rfj\">\r\n            <div class=\"content-8to\">\r\n                <h1 class=\"hea-456\"><span class=\"text-ode\">Chat With Blonde Girls<\/span> on Candy.ai<\/h1>\r\n                <div class=\"block-bmg\">Make her exactly how you fantasize - no limits!<\/div>\r\n                <a href=\"\/out\/offer.php?id=6a813e7f-3130-4375-bd24-2f65d2405e8b&o=candyai&t=blonde\" class=\"button-lfn block-te9\" target=\"_blank\">\r\n                    <div class=\"button-g6v\">Create Your AI Character<\/div>\r\n                <\/a>\r\n            <\/div>\r\n        <\/div>\r\n    <\/div>\n<h1><span style=\"color: #8c54ff;\">Desbloquea las fantas\u00edas de los adolescentes con IA: autopistas para explorar a trav\u00e9s de la innovaci\u00f3n \ud83c\udf46 en IA<\/span><\/h1>\n<p>La IA ha avanzado mucho desde los albores de la revoluci\u00f3n, una de las subsecciones que se ha beneficiado enormemente es el contenido adolescente de IA. \u00a1Las siguientes son algunas de las herramientas m\u00e1s populares para crear un adolescente caliente! <\/p>\n<div class=\"jbs_y-9qj kb_c-qth\"><div class=\"jn_wx-sta\"><div class=\"p_oka-yvo\"><div class=\"r_lak-en7\"><span class=\"ba-gf-h9a\"><span class=\"lg_dk-942\"><span><\/span><\/span><span class=\"ba-gf-a14\" style=\"border-top-color:#334dfe\"><\/span><\/span><div class=\"jbs_y-y2r\">1<\/div><figure><img loading=\"lazy\" decoding=\"async\" width=\"800\" height=\"540\" src=\"https:\/\/hubba.co.nz\/images\/fantasygf.png\" class=\"rg_jas-dod m_jo-img-h2b\"><\/figure><\/div><div class=\"jbs_y-9ak\"><div class=\"ez_o-s16\"><h3 class=\"lg_dk-fvg m_jo-h3-e1z\"><a href=\"https:\/\/hubba.co.nz\/out\/offer.php?id=251e491e-4a4a-4d6a-bee5-be94fd6a0ff7&o=fantasygf&t=\" class=\"m_jo-a-jy3\" target=\"_blank\">FantasyGF<\/a><\/h3><div class=\"jbs_y-e34\"><\/div><\/div><\/div><div class=\"jbs_y-sxz\"><div><a href=\"https:\/\/hubba.co.nz\/out\/offer.php?id=251e491e-4a4a-4d6a-bee5-be94fd6a0ff7&o=fantasygf&t=\" class=\"gfj_a-i5n m_jo-a-jy3\"  target=\"_blank\"><\/a><\/div><\/div><\/div><\/div>\n<div class=\"jn_wx-sta\"><div class=\"p_oka-yvo\"><div class=\"r_lak-en7\"><div class=\"jbs_y-y2r\">2<\/div><figure><img loading=\"lazy\" decoding=\"async\" width=\"800\" height=\"540\" src=\"https:\/\/hubba.co.nz\/images\/undresscc.png\" class=\"rg_jas-dod m_jo-img-h2b\"><\/figure><\/div><div class=\"jbs_y-9ak\"><div class=\"ez_o-s16\"><h3 class=\"lg_dk-fvg m_jo-h3-e1z\"><a href=\"https:\/\/hubba.co.nz\/out\/offer.php?id=251e491e-4a4a-4d6a-bee5-be94fd6a0ff7&o=undresscc&t=\" class=\"m_jo-a-jy3\" target=\"_blank\">Undress.cc<\/a><\/h3><div class=\"jbs_y-e34\"><\/div><\/div><\/div><div class=\"jbs_y-sxz\"><div><a href=\"https:\/\/hubba.co.nz\/out\/offer.php?id=251e491e-4a4a-4d6a-bee5-be94fd6a0ff7&o=undresscc&t=\" class=\"gfj_a-i5n m_jo-a-jy3\"  target=\"_blank\"><\/a><\/div><\/div><\/div><\/div>\n<div class=\"jn_wx-sta\"><div class=\"p_oka-yvo\"><div class=\"r_lak-en7\"><div class=\"jbs_y-y2r\">3<\/div><figure><img loading=\"lazy\" decoding=\"async\" width=\"800\" height=\"540\" src=\"https:\/\/hubba.co.nz\/images\/spicychatai.png\" class=\"rg_jas-dod m_jo-img-h2b\"><\/figure><\/div><div class=\"jbs_y-9ak\"><div class=\"ez_o-s16\"><h3 class=\"lg_dk-fvg m_jo-h3-e1z\"><a href=\"https:\/\/hubba.co.nz\/out\/offer.php?id=251e491e-4a4a-4d6a-bee5-be94fd6a0ff7&o=spicychatai&t=\" class=\"m_jo-a-jy3\" target=\"_blank\">SpicyChat.ai<\/a><\/h3><div class=\"jbs_y-e34\"><\/div><\/div><\/div><div class=\"jbs_y-sxz\"><div><a href=\"https:\/\/hubba.co.nz\/out\/offer.php?id=251e491e-4a4a-4d6a-bee5-be94fd6a0ff7&o=spicychatai&t=\" class=\"gfj_a-i5n m_jo-a-jy3\"  target=\"_blank\"><\/a><\/div><\/div><\/div><\/div>\n<div class=\"jn_wx-sta\"><div class=\"p_oka-yvo\"><div class=\"r_lak-en7\"><div class=\"jbs_y-y2r\">4<\/div><figure><img loading=\"lazy\" decoding=\"async\" width=\"800\" height=\"540\" src=\"https:\/\/hubba.co.nz\/images\/promptchan.png\" class=\"rg_jas-dod m_jo-img-h2b\"><\/figure><\/div><div class=\"jbs_y-9ak\"><div class=\"ez_o-s16\"><h3 class=\"lg_dk-fvg m_jo-h3-e1z\"><a href=\"https:\/\/hubba.co.nz\/out\/offer.php?id=6a813e7f-3130-4375-bd24-2f65d2405e8b&o=promptchan&t=\" class=\"m_jo-a-jy3\" target=\"_blank\">PromptChan.ai<\/a><\/h3><div class=\"jbs_y-e34\">\u2714\ufe0f Generar gifs y videos<br>\u2714\ufe0f Completamente gratis para probar<br>\u2714\ufe0f Editar tus modelos de ia<br>\u2714\ufe0f Crear im\u00e1genes pornogr\u00e1ficas (sin l\u00edmite)<\/div><\/div><\/div><div class=\"jbs_y-sxz\"><div><a href=\"https:\/\/hubba.co.nz\/out\/offer.php?id=6a813e7f-3130-4375-bd24-2f65d2405e8b&o=promptchan&t=\" class=\"gfj_a-i5n m_jo-a-jy3\"  target=\"_blank\">Prueba gratuita<\/a><\/div><\/div><\/div><\/div><\/div>\n<h1><a href=\"\/out\/offer.php?id=6a813e7f-3130-4375-bd24-2f65d2405e8b&amp;o=fantasygf&amp;t=\" target=\"_blank\" rel=\"noopener\"><span style=\"color: #8c54ff;\">\ud83d\ude08 Fantas\u00edaGF \ud83d\ude0d<\/span><\/a><\/h1>\n<p><a href=\"\/out\/offer.php?id=6a813e7f-3130-4375-bd24-2f65d2405e8b&amp;o=fantasygf&amp;t=\" target=\"_blank\" rel=\"noopener\"><img loading=\"lazy\" decoding=\"async\" class=\"aligncenter size-full\" src=\"\/images\/banners\/fantasygf.jpg\" alt=\"\" width=\"800\" height=\"693\"><\/a><br \/>\n<h2>Descubre la magia de FantasyGF<\/h2>\n                <p>Sum\u00e9rgete en un mundo de imaginaci\u00f3n y sensualidad con FantasyGF, donde tus deseos son el centro de atenci\u00f3n. Experimenta la emoci\u00f3n de crear tus propios personajes de IA \u00fanicos que est\u00e1n dise\u00f1ados para satisfacer todos tus caprichos. Ya sea que est\u00e9 buscando una conversaci\u00f3n atractiva con un compa\u00f1ero virtual o desee hacer realidad sus sue\u00f1os, FantasyGF le permite dise\u00f1ar el compa\u00f1ero perfecto. Explora un universo lleno de posibilidades ilimitadas y disfruta de infinitas opciones de participaci\u00f3n virtual. Para aquellos cautivados por la belleza diversa, es posible que desee consultar m\u00e1s opciones a trav\u00e9s de nuestra funci\u00f3n <a href=\"https:\/\/hubba.co.nz\/es\/chica-negra-ai-porno\/\">aqu\u00ed<\/a>. Da rienda suelta a tus fantas\u00edas y ad\u00e9ntrate en un reino donde tu imaginaci\u00f3n no conoce l\u00edmites.     <\/p>\n            <div class=\"jbs_y-9qj kb_c-qth\"><div class=\"jn_wx-sta\"><div class=\"p_oka-yvo\"><div class=\"r_lak-en7\"><span class=\"ba-gf-h9a\"><span class=\"lg_dk-942\"><span><\/span><\/span><span class=\"ba-gf-a14\" style=\"border-top-color:#334dfe\"><\/span><\/span><div class=\"jbs_y-y2r\">1<\/div><figure><img loading=\"lazy\" decoding=\"async\" width=\"800\" height=\"540\" src=\"https:\/\/hubba.co.nz\/images\/fantasygf.png\" class=\"rg_jas-dod m_jo-img-h2b\"><\/figure><\/div><div class=\"jbs_y-9ak\"><div class=\"ez_o-s16\"><h3 class=\"lg_dk-fvg m_jo-h3-e1z\"><a href=\"https:\/\/hubba.co.nz\/out\/offer.php?id=251e491e-4a4a-4d6a-bee5-be94fd6a0ff7&o=fantasygf&t=\" class=\"m_jo-a-jy3\" target=\"_blank\">FantasyGF<\/a><\/h3><div class=\"jbs_y-e34\"><\/div><\/div><\/div><div class=\"jbs_y-sxz\"><div><a href=\"https:\/\/hubba.co.nz\/out\/offer.php?id=251e491e-4a4a-4d6a-bee5-be94fd6a0ff7&o=fantasygf&t=\" class=\"gfj_a-i5n m_jo-a-jy3\"  target=\"_blank\"><\/a><\/div><\/div><\/div><\/div><\/div><\/p>\n<div class=\"mb30 wpsm_box blue_type nonefloat_box\" style=\"text-align:center; width:auto\"><a href=\"\/out\/offer.php?id=6a813e7f-3130-4375-bd24-2f65d2405e8b&amp;o=fantasygf&amp;t=\" style=\"color: blue\">\ud83c\udf51 Try AI Teen Pussy using FantasyGF Now! \ud83d\udd25<\/a><\/div>\n<h1><a href=\"\/out\/offer.php?id=6a813e7f-3130-4375-bd24-2f65d2405e8b&amp;o=undresscc&amp;t=\" target=\"_blank\" rel=\"noopener\"><span style=\"color: #8c54ff;\">\ud83c\udf36\ufe0f \ud83c\udf39 Undress.cc<\/span><\/a><\/h1>\n<p><a href=\"\/out\/offer.php?id=6a813e7f-3130-4375-bd24-2f65d2405e8b&amp;o=undresscc&amp;t=\" target=\"_blank\" rel=\"noopener\"><img loading=\"lazy\" decoding=\"async\" class=\"aligncenter size-full\" src=\"\/images\/banners\/undresscc.jpg\" alt=\"\" width=\"800\" height=\"693\"><\/a><br \/>\n<h2>Presentaci\u00f3n de la herramienta Undress.cc<\/h2>\n                <p>Descubre un nuevo reino de creatividad con Undress.cc, una plataforma innovadora que te permite crear tus propios compa\u00f1eros de IA. Sum\u00e9rgete en un mundo en el que puedes dar vida a tus imaginativos personajes y entablar conversaciones inmersivas con ellos. Tanto si est\u00e1s interesado en explorar nuevas narrativas como si simplemente quieres disfrutar de una narraci\u00f3n interactiva, Undress.cc ofrece infinitas posibilidades para que generes e interact\u00faes con tus propios bots de IA en una experiencia estimulante y personalizada.  <\/p>\n            <div class=\"jbs_y-9qj kb_c-qth\"><div class=\"jn_wx-sta\"><div class=\"p_oka-yvo\"><div class=\"r_lak-en7\"><span class=\"ba-gf-h9a\"><span class=\"lg_dk-942\"><span><\/span><\/span><span class=\"ba-gf-a14\" style=\"border-top-color:#334dfe\"><\/span><\/span><div class=\"jbs_y-y2r\">1<\/div><figure><img loading=\"lazy\" decoding=\"async\" width=\"800\" height=\"540\" src=\"https:\/\/hubba.co.nz\/images\/undresscc.png\" class=\"rg_jas-dod m_jo-img-h2b\"><\/figure><\/div><div class=\"jbs_y-9ak\"><div class=\"ez_o-s16\"><h3 class=\"lg_dk-fvg m_jo-h3-e1z\"><a href=\"https:\/\/hubba.co.nz\/out\/offer.php?id=251e491e-4a4a-4d6a-bee5-be94fd6a0ff7&o=undresscc&t=\" class=\"m_jo-a-jy3\" target=\"_blank\">Undress.cc<\/a><\/h3><div class=\"jbs_y-e34\"><\/div><\/div><\/div><div class=\"jbs_y-sxz\"><div><a href=\"https:\/\/hubba.co.nz\/out\/offer.php?id=251e491e-4a4a-4d6a-bee5-be94fd6a0ff7&o=undresscc&t=\" class=\"gfj_a-i5n m_jo-a-jy3\"  target=\"_blank\"><\/a><\/div><\/div><\/div><\/div><\/div><\/p>\n<div class=\"mb30 wpsm_box blue_type nonefloat_box\" style=\"text-align:center; width:auto\"><a href=\"\/out\/offer.php?id=6a813e7f-3130-4375-bd24-2f65d2405e8b&amp;o=undresscc&amp;t=\" style=\"color: blue\">\ud83d\udc8b Try AI Teen Pussy using Undress.cc Now! \ud83d\udd25<\/a><\/div>\n<h1><a href=\"\/out\/offer.php?id=6a813e7f-3130-4375-bd24-2f65d2405e8b&amp;o=spicychatai&amp;t=\" target=\"_blank\" rel=\"noopener\"><span style=\"color: #8c54ff;\">\ud83d\ude08 \ud83c\udf51<\/span><\/a><\/h1>\n<p><a href=\"\/out\/offer.php?id=6a813e7f-3130-4375-bd24-2f65d2405e8b&amp;o=spicychatai&amp;t=\" target=\"_blank\" rel=\"noopener\"><img loading=\"lazy\" decoding=\"async\" class=\"aligncenter size-full\" src=\"\/images\/banners\/spicychatai.jpg\" alt=\"\" width=\"800\" height=\"693\"><\/a><br \/>\n<h2>Descubriendo Spicychat.ai: una gu\u00eda<\/h2>\n                <p>Spicychat.ai despierta la imaginaci\u00f3n con su innovadora funci\u00f3n AI Teen Pussy, donde puedes crear personajes \u00fanicos y sumergirte en conversaciones cautivadoras con tu propia creaci\u00f3n de IA. Ya sea que est\u00e9 buscando un di\u00e1logo atractivo o tenga curiosidad por ver a d\u00f3nde puede llevarlo una personalidad digital, Spicychat.ai ofrece una plataforma emocionante donde la creatividad se encuentra con la interacci\u00f3n. Transforma tus chats en un patio de recreo de posibilidades y observa c\u00f3mo tu IA evoluciona, sorprende y mantiene la conversaci\u00f3n fresca y convincente, asegur\u00e1ndote de que nunca te falten intercambios cautivadores. Prep\u00e1rate para una experiencia de chat din\u00e1mica como ninguna otra.   <\/p>\n            <div class=\"jbs_y-9qj kb_c-qth\"><div class=\"jn_wx-sta\"><div class=\"p_oka-yvo\"><div class=\"r_lak-en7\"><span class=\"ba-gf-h9a\"><span class=\"lg_dk-942\"><span><\/span><\/span><span class=\"ba-gf-a14\" style=\"border-top-color:#334dfe\"><\/span><\/span><div class=\"jbs_y-y2r\">1<\/div><figure><img loading=\"lazy\" decoding=\"async\" width=\"800\" height=\"540\" src=\"https:\/\/hubba.co.nz\/images\/spicychatai.png\" class=\"rg_jas-dod m_jo-img-h2b\"><\/figure><\/div><div class=\"jbs_y-9ak\"><div class=\"ez_o-s16\"><h3 class=\"lg_dk-fvg m_jo-h3-e1z\"><a href=\"https:\/\/hubba.co.nz\/out\/offer.php?id=251e491e-4a4a-4d6a-bee5-be94fd6a0ff7&o=spicychatai&t=\" class=\"m_jo-a-jy3\" target=\"_blank\">SpicyChat.ai<\/a><\/h3><div class=\"jbs_y-e34\"><\/div><\/div><\/div><div class=\"jbs_y-sxz\"><div><a href=\"https:\/\/hubba.co.nz\/out\/offer.php?id=251e491e-4a4a-4d6a-bee5-be94fd6a0ff7&o=spicychatai&t=\" class=\"gfj_a-i5n m_jo-a-jy3\"  target=\"_blank\"><\/a><\/div><\/div><\/div><\/div><\/div><\/p>\n<div class=\"mb30 wpsm_box blue_type nonefloat_box\" style=\"text-align:center; width:auto\"><a href=\"\/out\/offer.php?id=6a813e7f-3130-4375-bd24-2f65d2405e8b&amp;o=spicychatai&amp;t=\" style=\"color: blue\">\ud83c\udf39 Try AI Teen Pussy using Spicychat.ai Now! \ud83d\ude08<\/a><\/div>\n<h1><a href=\"\/out\/offer.php?id=6a813e7f-3130-4375-bd24-2f65d2405e8b&amp;o=promptchan&amp;t=\" target=\"_blank\" rel=\"noopener\"><span style=\"color: #8c54ff;\">\ud83d\udc59 Promptchan \ud83e\udd70<\/span><\/a><\/h1>\n<p><a href=\"\/out\/offer.php?id=6a813e7f-3130-4375-bd24-2f65d2405e8b&amp;o=promptchan&amp;t=\" target=\"_blank\" rel=\"noopener\"><img loading=\"lazy\" decoding=\"async\" class=\"aligncenter size-full\" src=\"\/images\/banners\/promptchan.jpg\" alt=\"\" width=\"800\" height=\"693\"><\/a><br \/>\n<h2>Descubre Promptchan: Tu aliado creativo<\/h2>\n                <p>Presentamos Promptchan: el patio de recreo definitivo para tu imaginaci\u00f3n, donde eres el creador de personajes digitales y el arquitecto de conversaciones fascinantes. Sum\u00e9rgete en un mundo donde tu creatividad no conoce l\u00edmites. Crea tus propios personajes \u00fanicos y observa c\u00f3mo cobran vida, participando en interacciones din\u00e1micas que evolucionan continuamente con tus aportaciones. Ya sea que est\u00e9 dise\u00f1ando un nuevo amigo, un confidente o un narrador din\u00e1mico, Promptchan ofrece una experiencia inmersiva que difumina las l\u00edneas entre la realidad y el \u00e1mbito digital. \u00a1Da rienda suelta a tu creatividad hoy y s\u00e9 testigo de la magia de la IA a medida que mejora tu narraci\u00f3n y experiencias interactivas de formas que nunca imaginaste!    <\/p>\n            <div class=\"jbs_y-9qj kb_c-qth\"><div class=\"jn_wx-sta\"><div class=\"p_oka-yvo\"><div class=\"r_lak-en7\"><span class=\"ba-gf-h9a\"><span class=\"lg_dk-942\"><span>Carga tus propias im\u00e1genes<\/span><\/span><span class=\"ba-gf-a14\" style=\"border-top-color:#334dfe\"><\/span><\/span><div class=\"jbs_y-y2r\">1<\/div><figure><img loading=\"lazy\" decoding=\"async\" width=\"800\" height=\"540\" src=\"https:\/\/hubba.co.nz\/images\/promptchan.png\" class=\"rg_jas-dod m_jo-img-h2b\"><\/figure><\/div><div class=\"jbs_y-9ak\"><div class=\"ez_o-s16\"><h3 class=\"lg_dk-fvg m_jo-h3-e1z\"><a href=\"https:\/\/hubba.co.nz\/out\/offer.php?id=6a813e7f-3130-4375-bd24-2f65d2405e8b&o=promptchan&t=\" class=\"m_jo-a-jy3\" target=\"_blank\">PromptChan.ai<\/a><\/h3><div class=\"jbs_y-e34\">\u2714\ufe0f Generar gifs y videos<br>\u2714\ufe0f Completamente gratis para probar<br>\u2714\ufe0f Editar tus modelos de ia<br>\u2714\ufe0f Crear im\u00e1genes pornogr\u00e1ficas (sin l\u00edmite)<\/div><\/div><\/div><div class=\"jbs_y-sxz\"><div><a href=\"https:\/\/hubba.co.nz\/out\/offer.php?id=6a813e7f-3130-4375-bd24-2f65d2405e8b&o=promptchan&t=\" class=\"gfj_a-i5n m_jo-a-jy3\"  target=\"_blank\">Prueba gratuita<\/a><\/div><\/div><\/div><\/div><\/div><\/p>\n<div class=\"mb30 wpsm_box blue_type nonefloat_box\" style=\"text-align:center; width:auto\"><a href=\"\/out\/offer.php?id=6a813e7f-3130-4375-bd24-2f65d2405e8b&amp;o=promptchan&amp;t=\" style=\"color: blue\">\u2764\ufe0f Try AI Teen Pussy using Promptchan Now! \ud83c\udf89<\/a><\/div>\n<p>En resumen, si bien Undress.cc, Spicychat.ai y Promptchan se destacan como opciones notables en el \u00e1mbito de los generadores de contenido de IA, FantasyGF se lleva innegablemente la corona por crear las experiencias m\u00e1s cautivadoras. Con sus capacidades \u00fanicas, da vida a la fantas\u00eda como ninguna otra. Para aquellos con preferencias variadas, tambi\u00e9n pueden disfrutar explorando diferentes reinos de creatividad <a href=\"https:\/\/hubba.co.nz\/es\/porno-peludo-con-ia\/\">aqu\u00ed<\/a>. No se puede ignorar la excelencia de FantasyGF en la entrega de contenido incomparable, particularmente cuando se trata de AI Teen Pussy. Sum\u00e9rgete y del\u00e9itate con la magia que te espera, despertando la imaginaci\u00f3n y trascendiendo los l\u00edmites virtuales.    <\/p>\n<div class=\"jbs_y-9qj kb_c-qth\"><div class=\"jn_wx-sta\"><div class=\"p_oka-yvo\"><div class=\"r_lak-en7\"><span class=\"ba-gf-h9a\"><span class=\"lg_dk-942\"><span><\/span><\/span><span class=\"ba-gf-a14\" style=\"border-top-color:#334dfe\"><\/span><\/span><div class=\"jbs_y-y2r\">1<\/div><figure><img loading=\"lazy\" decoding=\"async\" width=\"800\" height=\"540\" src=\"https:\/\/hubba.co.nz\/images\/fantasygf.png\" class=\"rg_jas-dod m_jo-img-h2b\"><\/figure><\/div><div class=\"jbs_y-9ak\"><div class=\"ez_o-s16\"><h3 class=\"lg_dk-fvg m_jo-h3-e1z\"><a href=\"https:\/\/hubba.co.nz\/out\/offer.php?id=251e491e-4a4a-4d6a-bee5-be94fd6a0ff7&o=fantasygf&t=\" class=\"m_jo-a-jy3\" target=\"_blank\">FantasyGF<\/a><\/h3><div class=\"jbs_y-e34\"><\/div><\/div><\/div><div class=\"jbs_y-sxz\"><div><a href=\"https:\/\/hubba.co.nz\/out\/offer.php?id=251e491e-4a4a-4d6a-bee5-be94fd6a0ff7&o=fantasygf&t=\" class=\"gfj_a-i5n m_jo-a-jy3\"  target=\"_blank\"><\/a><\/div><\/div><\/div><\/div>\n<div class=\"jn_wx-sta\"><div class=\"p_oka-yvo\"><div class=\"r_lak-en7\"><div class=\"jbs_y-y2r\">2<\/div><figure><img loading=\"lazy\" decoding=\"async\" width=\"800\" height=\"540\" src=\"https:\/\/hubba.co.nz\/images\/undresscc.png\" class=\"rg_jas-dod m_jo-img-h2b\"><\/figure><\/div><div class=\"jbs_y-9ak\"><div class=\"ez_o-s16\"><h3 class=\"lg_dk-fvg m_jo-h3-e1z\"><a href=\"https:\/\/hubba.co.nz\/out\/offer.php?id=251e491e-4a4a-4d6a-bee5-be94fd6a0ff7&o=undresscc&t=\" class=\"m_jo-a-jy3\" target=\"_blank\">Undress.cc<\/a><\/h3><div class=\"jbs_y-e34\"><\/div><\/div><\/div><div class=\"jbs_y-sxz\"><div><a href=\"https:\/\/hubba.co.nz\/out\/offer.php?id=251e491e-4a4a-4d6a-bee5-be94fd6a0ff7&o=undresscc&t=\" class=\"gfj_a-i5n m_jo-a-jy3\"  target=\"_blank\"><\/a><\/div><\/div><\/div><\/div>\n<div class=\"jn_wx-sta\"><div class=\"p_oka-yvo\"><div class=\"r_lak-en7\"><div class=\"jbs_y-y2r\">3<\/div><figure><img loading=\"lazy\" decoding=\"async\" width=\"800\" height=\"540\" src=\"https:\/\/hubba.co.nz\/images\/spicychatai.png\" class=\"rg_jas-dod m_jo-img-h2b\"><\/figure><\/div><div class=\"jbs_y-9ak\"><div class=\"ez_o-s16\"><h3 class=\"lg_dk-fvg m_jo-h3-e1z\"><a href=\"https:\/\/hubba.co.nz\/out\/offer.php?id=251e491e-4a4a-4d6a-bee5-be94fd6a0ff7&o=spicychatai&t=\" class=\"m_jo-a-jy3\" target=\"_blank\">SpicyChat.ai<\/a><\/h3><div class=\"jbs_y-e34\"><\/div><\/div><\/div><div class=\"jbs_y-sxz\"><div><a href=\"https:\/\/hubba.co.nz\/out\/offer.php?id=251e491e-4a4a-4d6a-bee5-be94fd6a0ff7&o=spicychatai&t=\" class=\"gfj_a-i5n m_jo-a-jy3\"  target=\"_blank\"><\/a><\/div><\/div><\/div><\/div>\n<div class=\"jn_wx-sta\"><div class=\"p_oka-yvo\"><div class=\"r_lak-en7\"><div class=\"jbs_y-y2r\">4<\/div><figure><img loading=\"lazy\" decoding=\"async\" width=\"800\" height=\"540\" src=\"https:\/\/hubba.co.nz\/images\/promptchan.png\" class=\"rg_jas-dod m_jo-img-h2b\"><\/figure><\/div><div class=\"jbs_y-9ak\"><div class=\"ez_o-s16\"><h3 class=\"lg_dk-fvg m_jo-h3-e1z\"><a href=\"https:\/\/hubba.co.nz\/out\/offer.php?id=6a813e7f-3130-4375-bd24-2f65d2405e8b&o=promptchan&t=\" class=\"m_jo-a-jy3\" target=\"_blank\">PromptChan.ai<\/a><\/h3><div class=\"jbs_y-e34\">\u2714\ufe0f Generar gifs y videos<br>\u2714\ufe0f Completamente gratis para probar<br>\u2714\ufe0f Editar tus modelos de ia<br>\u2714\ufe0f Crear im\u00e1genes pornogr\u00e1ficas (sin l\u00edmite)<\/div><\/div><\/div><div class=\"jbs_y-sxz\"><div><a href=\"https:\/\/hubba.co.nz\/out\/offer.php?id=6a813e7f-3130-4375-bd24-2f65d2405e8b&o=promptchan&t=\" class=\"gfj_a-i5n m_jo-a-jy3\"  target=\"_blank\">Prueba gratuita<\/a><\/div><\/div><\/div><\/div><\/div>\n","protected":false},"excerpt":{"rendered":"<p>Desbloquea las fantas\u00edas de los adolescentes con IA: autopistas para explorar a trav\u00e9s de la innovaci\u00f3n \ud83c\udf46 en IA La IA ha avanzado mucho desde los albores de la revoluci\u00f3n, una de las subsecciones que se ha beneficiado enormemente es el contenido adolescente de IA. \u00a1Las siguientes son algunas de las herramientas m\u00e1s populares para &#8230; <a title=\"AI Co\u00f1o Adolescente\" class=\"read-more\" href=\"https:\/\/hubba.co.nz\/es\/ai-cono-adolescente\/\" aria-label=\"Leer m\u00e1s sobre AI Co\u00f1o Adolescente\">Leer m\u00e1s<\/a><\/p>\n","protected":false},"author":1,"featured_media":0,"parent":0,"menu_order":0,"comment_status":"closed","ping_status":"closed","template":"","meta":{"footnotes":""},"class_list":["post-3024","page","type-page","status-publish"],"yoast_head":"<!-- This site is optimized with the Yoast SEO plugin v19.12 - https:\/\/yoast.com\/wordpress\/plugins\/seo\/ -->\n<title>AI Teen Pussy - Desbloquea las fantas\u00edas de los adolescentes de la IA: autopistas para explorar a trav\u00e9s de la innovaci\u00f3n de la IA<\/title>\n<meta name=\"robots\" content=\"index, follow, max-snippet:-1, max-image-preview:large, max-video-preview:-1\" \/>\n<link rel=\"canonical\" href=\"https:\/\/hubba.co.nz\/es\/ai-cono-adolescente\/\" \/>\n<meta property=\"og:locale\" content=\"es_ES\" \/>\n<meta property=\"og:type\" content=\"article\" \/>\n<meta property=\"og:title\" content=\"AI Teen Pussy - Desbloquea las fantas\u00edas de los adolescentes de la IA: autopistas para explorar a trav\u00e9s de la innovaci\u00f3n de la IA\" \/>\n<meta property=\"og:description\" content=\"Desbloquea las fantas\u00edas de los adolescentes con IA: autopistas para explorar a trav\u00e9s de la innovaci\u00f3n \ud83c\udf46 en IA La IA ha avanzado mucho desde los albores de la revoluci\u00f3n, una de las subsecciones que se ha beneficiado enormemente es el contenido adolescente de IA. \u00a1Las siguientes son algunas de las herramientas m\u00e1s populares para ... Leer m\u00e1s\" \/>\n<meta property=\"og:url\" content=\"https:\/\/hubba.co.nz\/es\/ai-cono-adolescente\/\" \/>\n<meta property=\"og:site_name\" content=\"Hubba NZ\" \/>\n<meta name=\"twitter:card\" content=\"summary_large_image\" \/>\n<meta name=\"twitter:label1\" content=\"Tiempo de lectura\" \/>\n\t<meta name=\"twitter:data1\" content=\"4 minutos\" \/>\n<script type=\"application\/ld+json\" class=\"yoast-schema-graph\">{\"@context\":\"https:\/\/schema.org\",\"@graph\":[{\"@type\":\"WebPage\",\"@id\":\"https:\/\/hubba.co.nz\/es\/ai-cono-adolescente\/\",\"url\":\"https:\/\/hubba.co.nz\/es\/ai-cono-adolescente\/\",\"name\":\"AI Teen Pussy - Desbloquea las fantas\u00edas de los adolescentes de la IA: autopistas para explorar a trav\u00e9s de la innovaci\u00f3n de la IA\",\"isPartOf\":{\"@id\":\"https:\/\/hubba.co.nz\/es\/#website\"},\"datePublished\":\"2025-03-08T08:09:09+00:00\",\"dateModified\":\"2025-03-08T08:09:09+00:00\",\"breadcrumb\":{\"@id\":\"https:\/\/hubba.co.nz\/es\/ai-cono-adolescente\/#breadcrumb\"},\"inLanguage\":\"es\",\"potentialAction\":[{\"@type\":\"ReadAction\",\"target\":[\"https:\/\/hubba.co.nz\/es\/ai-cono-adolescente\/\"]}]},{\"@type\":\"BreadcrumbList\",\"@id\":\"https:\/\/hubba.co.nz\/es\/ai-cono-adolescente\/#breadcrumb\",\"itemListElement\":[{\"@type\":\"ListItem\",\"position\":1,\"name\":\"Home\",\"item\":\"https:\/\/hubba.co.nz\/es\/sitios-de-conocer-y-follar-nueva-zelanda\/\"},{\"@type\":\"ListItem\",\"position\":2,\"name\":\"AI Co\u00f1o Adolescente\"}]},{\"@type\":\"WebSite\",\"@id\":\"https:\/\/hubba.co.nz\/es\/#website\",\"url\":\"https:\/\/hubba.co.nz\/es\/\",\"name\":\"Hubba NZ\",\"description\":\"\",\"potentialAction\":[{\"@type\":\"SearchAction\",\"target\":{\"@type\":\"EntryPoint\",\"urlTemplate\":\"https:\/\/hubba.co.nz\/es\/?s={search_term_string}\"},\"query-input\":\"required name=search_term_string\"}],\"inLanguage\":\"es\"}]}<\/script>\n<!-- \/ Yoast SEO plugin. -->","yoast_head_json":{"title":"AI Teen Pussy - Desbloquea las fantas\u00edas de los adolescentes de la IA: autopistas para explorar a trav\u00e9s de la innovaci\u00f3n de la IA","robots":{"index":"index","follow":"follow","max-snippet":"max-snippet:-1","max-image-preview":"max-image-preview:large","max-video-preview":"max-video-preview:-1"},"canonical":"https:\/\/hubba.co.nz\/es\/ai-cono-adolescente\/","og_locale":"es_ES","og_type":"article","og_title":"AI Teen Pussy - Desbloquea las fantas\u00edas de los adolescentes de la IA: autopistas para explorar a trav\u00e9s de la innovaci\u00f3n de la IA","og_description":"Desbloquea las fantas\u00edas de los adolescentes con IA: autopistas para explorar a trav\u00e9s de la innovaci\u00f3n \ud83c\udf46 en IA La IA ha avanzado mucho desde los albores de la revoluci\u00f3n, una de las subsecciones que se ha beneficiado enormemente es el contenido adolescente de IA. \u00a1Las siguientes son algunas de las herramientas m\u00e1s populares para ... Leer m\u00e1s","og_url":"https:\/\/hubba.co.nz\/es\/ai-cono-adolescente\/","og_site_name":"Hubba NZ","twitter_card":"summary_large_image","twitter_misc":{"Tiempo de lectura":"4 minutos"},"schema":{"@context":"https:\/\/schema.org","@graph":[{"@type":"WebPage","@id":"https:\/\/hubba.co.nz\/es\/ai-cono-adolescente\/","url":"https:\/\/hubba.co.nz\/es\/ai-cono-adolescente\/","name":"AI Teen Pussy - Desbloquea las fantas\u00edas de los adolescentes de la IA: autopistas para explorar a trav\u00e9s de la innovaci\u00f3n de la IA","isPartOf":{"@id":"https:\/\/hubba.co.nz\/es\/#website"},"datePublished":"2025-03-08T08:09:09+00:00","dateModified":"2025-03-08T08:09:09+00:00","breadcrumb":{"@id":"https:\/\/hubba.co.nz\/es\/ai-cono-adolescente\/#breadcrumb"},"inLanguage":"es","potentialAction":[{"@type":"ReadAction","target":["https:\/\/hubba.co.nz\/es\/ai-cono-adolescente\/"]}]},{"@type":"BreadcrumbList","@id":"https:\/\/hubba.co.nz\/es\/ai-cono-adolescente\/#breadcrumb","itemListElement":[{"@type":"ListItem","position":1,"name":"Home","item":"https:\/\/hubba.co.nz\/es\/sitios-de-conocer-y-follar-nueva-zelanda\/"},{"@type":"ListItem","position":2,"name":"AI Co\u00f1o Adolescente"}]},{"@type":"WebSite","@id":"https:\/\/hubba.co.nz\/es\/#website","url":"https:\/\/hubba.co.nz\/es\/","name":"Hubba NZ","description":"","potentialAction":[{"@type":"SearchAction","target":{"@type":"EntryPoint","urlTemplate":"https:\/\/hubba.co.nz\/es\/?s={search_term_string}"},"query-input":"required name=search_term_string"}],"inLanguage":"es"}]}},"_links":{"self":[{"href":"https:\/\/hubba.co.nz\/es\/wp-json\/wp\/v2\/pages\/3024","targetHints":{"allow":["GET"]}}],"collection":[{"href":"https:\/\/hubba.co.nz\/es\/wp-json\/wp\/v2\/pages"}],"about":[{"href":"https:\/\/hubba.co.nz\/es\/wp-json\/wp\/v2\/types\/page"}],"author":[{"embeddable":true,"href":"https:\/\/hubba.co.nz\/es\/wp-json\/wp\/v2\/users\/1"}],"replies":[{"embeddable":true,"href":"https:\/\/hubba.co.nz\/es\/wp-json\/wp\/v2\/comments?post=3024"}],"version-history":[{"count":0,"href":"https:\/\/hubba.co.nz\/es\/wp-json\/wp\/v2\/pages\/3024\/revisions"}],"wp:attachment":[{"href":"https:\/\/hubba.co.nz\/es\/wp-json\/wp\/v2\/media?parent=3024"}],"curies":[{"name":"wp","href":"https:\/\/api.w.org\/{rel}","templated":true}]}}