{"id":5015,"date":"2025-03-08T08:26:33","date_gmt":"2025-03-08T08:26:33","guid":{"rendered":"https:\/\/hubba.co.nz\/camaras-de-sexo-para-adolescentes\/"},"modified":"2025-03-08T08:26:33","modified_gmt":"2025-03-08T08:26:33","slug":"camaras-de-sexo-para-adolescentes","status":"publish","type":"page","link":"https:\/\/hubba.co.nz\/es\/camaras-de-sexo-para-adolescentes\/","title":{"rendered":"C\u00e1maras de sexo para adolescentes"},"content":{"rendered":"<h1><span style=\"color: #8c54ff;\">C\u00e1maras de sexo para adolescentes: \u00a1Sum\u00e9rgete en la emoci\u00f3n juvenil y explora tus fantas\u00edas m\u00e1s salvajes! \ud83e\udd70<\/span><\/h1>\n<p>Deleita tus sentidos y sum\u00e9rgete en el emocionante mundo del encanto juvenil y la tentadora interacci\u00f3n en vivo. Da rienda suelta a tus fantas\u00edas mientras te conectas con modelos seductoras que est\u00e1n ansiosas por compartir sus aventuras \u00edntimas contigo, desde la comodidad de tu pantalla. Explora infinitas posibilidades mientras navegas por un paisaje vibrante de experiencias en tiempo real que prometen mantenerte cautivado y volver por m\u00e1s. Prep\u00e1rate para redefinir tus expectativas y encender tus deseos con un viaje ind\u00f3mito como ning\u00fan otro.   <\/p>\n<div class=\"jbs_y-9qj kb_c-qth\"><div class=\"jn_wx-sta\"><div class=\"p_oka-yvo\"><div class=\"r_lak-en7\"><span class=\"ba-gf-h9a\"><span class=\"lg_dk-942\"><span><\/span><\/span><span class=\"ba-gf-a14\" style=\"border-top-color:#334dfe\"><\/span><\/span><div class=\"jbs_y-y2r\">1<\/div><figure><img loading=\"lazy\" decoding=\"async\" width=\"800\" height=\"540\" src=\"https:\/\/hubba.co.nz\/images\/stripchat.png\" class=\"rg_jas-dod m_jo-img-h2b\"><\/figure><\/div><div class=\"jbs_y-9ak\"><div class=\"ez_o-s16\"><h3 class=\"lg_dk-fvg m_jo-h3-e1z\"><a href=\"https:\/\/hubba.co.nz\/out\/offer.php?id=251e491e-4a4a-4d6a-bee5-be94fd6a0ff7&o=stripchat&t=\" class=\"m_jo-a-jy3\" target=\"_blank\">StripChat<\/a><\/h3><div class=\"jbs_y-e34\"><\/div><\/div><\/div><div class=\"jbs_y-sxz\"><div><a href=\"https:\/\/hubba.co.nz\/out\/offer.php?id=251e491e-4a4a-4d6a-bee5-be94fd6a0ff7&o=stripchat&t=\" class=\"gfj_a-i5n m_jo-a-jy3\"  target=\"_blank\"><\/a><\/div><\/div><\/div><\/div>\n<div class=\"jn_wx-sta\"><div class=\"p_oka-yvo\"><div class=\"r_lak-en7\"><div class=\"jbs_y-y2r\">2<\/div><figure><img loading=\"lazy\" decoding=\"async\" width=\"800\" height=\"540\" src=\"https:\/\/hubba.co.nz\/images\/live-jasmine.png\" class=\"rg_jas-dod m_jo-img-h2b\"><\/figure><\/div><div class=\"jbs_y-9ak\"><div class=\"ez_o-s16\"><h3 class=\"lg_dk-fvg m_jo-h3-e1z\"><a href=\"https:\/\/hubba.co.nz\/out\/offer.php?id=251e491e-4a4a-4d6a-bee5-be94fd6a0ff7&o=live-jasmine&t=\" class=\"m_jo-a-jy3\" target=\"_blank\">Live Jasmin<\/a><\/h3><div class=\"jbs_y-e34\"><\/div><\/div><\/div><div class=\"jbs_y-sxz\"><div><a href=\"https:\/\/hubba.co.nz\/out\/offer.php?id=251e491e-4a4a-4d6a-bee5-be94fd6a0ff7&o=live-jasmine&t=\" class=\"gfj_a-i5n m_jo-a-jy3\"  target=\"_blank\"><\/a><\/div><\/div><\/div><\/div>\n<div class=\"jn_wx-sta\"><div class=\"p_oka-yvo\"><div class=\"r_lak-en7\"><div class=\"jbs_y-y2r\">3<\/div><figure><img loading=\"lazy\" decoding=\"async\" width=\"800\" height=\"540\" src=\"https:\/\/hubba.co.nz\/images\/jerkmate.png\" class=\"rg_jas-dod m_jo-img-h2b\"><\/figure><\/div><div class=\"jbs_y-9ak\"><div class=\"ez_o-s16\"><h3 class=\"lg_dk-fvg m_jo-h3-e1z\"><a href=\"https:\/\/hubba.co.nz\/out\/offer.php?id=251e491e-4a4a-4d6a-bee5-be94fd6a0ff7&o=jerkmate&t=\" class=\"m_jo-a-jy3\" target=\"_blank\">JerkMate<\/a><\/h3><div class=\"jbs_y-e34\"><\/div><\/div><\/div><div class=\"jbs_y-sxz\"><div><a href=\"https:\/\/hubba.co.nz\/out\/offer.php?id=251e491e-4a4a-4d6a-bee5-be94fd6a0ff7&o=jerkmate&t=\" class=\"gfj_a-i5n m_jo-a-jy3\"  target=\"_blank\"><\/a><\/div><\/div><\/div><\/div>\n<div class=\"jn_wx-sta\"><div class=\"p_oka-yvo\"><div class=\"r_lak-en7\"><div class=\"jbs_y-y2r\">4<\/div><figure><img loading=\"lazy\" decoding=\"async\" width=\"800\" height=\"540\" src=\"https:\/\/hubba.co.nz\/images\/imlive.png\" class=\"rg_jas-dod m_jo-img-h2b\"><\/figure><\/div><div class=\"jbs_y-9ak\"><div class=\"ez_o-s16\"><h3 class=\"lg_dk-fvg m_jo-h3-e1z\"><a href=\"https:\/\/hubba.co.nz\/out\/offer.php?id=251e491e-4a4a-4d6a-bee5-be94fd6a0ff7&o=imlive&t=\" class=\"m_jo-a-jy3\" target=\"_blank\">ImLive.com<\/a><\/h3><div class=\"jbs_y-e34\"><\/div><\/div><\/div><div class=\"jbs_y-sxz\"><div><a href=\"https:\/\/hubba.co.nz\/out\/offer.php?id=251e491e-4a4a-4d6a-bee5-be94fd6a0ff7&o=imlive&t=\" class=\"gfj_a-i5n m_jo-a-jy3\"  target=\"_blank\"><\/a><\/div><\/div><\/div><\/div><\/div>\n<h1><a href=\"\/out\/offer.php?id=251e491e-4a4a-4d6a-bee5-be94fd6a0ff7&amp;o=stripchat&amp;t=\" target=\"_blank\" rel=\"noopener\"><span style=\"color: #8c54ff;\">\ud83d\ude08 Stripchat \ud83e\udd70<\/span><\/a><\/h1>\n<p><a href=\"\/out\/offer.php?id=251e491e-4a4a-4d6a-bee5-be94fd6a0ff7&amp;o=stripchat&amp;t=\" target=\"_blank\" rel=\"noopener\"><img loading=\"lazy\" decoding=\"async\" class=\"aligncenter size-full\" src=\"\/images\/banners\/stripchat.jpg\" alt=\"\" width=\"800\" height=\"693\"><\/a><br \/>\n<h2>Explorando el mundo de Stripchat<\/h2>\n                <p>Ad\u00e9ntrate en un cautivador mundo de encanto y fantas\u00eda con Stripchat, el destino definitivo para conectar con fascinantes modelos en la categor\u00eda de Teen Sex Cams. Descubre un reino donde tus deseos m\u00e1s profundos cobran vida a trav\u00e9s de espect\u00e1culos en vivo interactivos y emocionantes. Ya sea que est\u00e9 buscando participar en chats \u00edntimos o explorar varios temas, Stripchat ofrece una experiencia incomparable adaptada a sus preferencias. Y si est\u00e1s ansioso por expandir tus horizontes, no pierdas la oportunidad de explorar nuevas y emocionantes dimensiones visitando nuestra emocionante secci\u00f3n <a href=\"https:\/\/hubba.co.nz\/es\/camaras-travestis\/\">de C\u00e1maras Travestis<\/a> . Sum\u00e9rgete en la vibrante comunidad de Stripchat y deja volar tu imaginaci\u00f3n mientras forjas conexiones inolvidables.    <\/p>\n            <div class=\"jbs_y-9qj kb_c-qth\"><div class=\"jn_wx-sta\"><div class=\"p_oka-yvo\"><div class=\"r_lak-en7\"><span class=\"ba-gf-h9a\"><span class=\"lg_dk-942\"><span><\/span><\/span><span class=\"ba-gf-a14\" style=\"border-top-color:#334dfe\"><\/span><\/span><div class=\"jbs_y-y2r\">1<\/div><figure><img loading=\"lazy\" decoding=\"async\" width=\"800\" height=\"540\" src=\"https:\/\/hubba.co.nz\/images\/stripchat.png\" class=\"rg_jas-dod m_jo-img-h2b\"><\/figure><\/div><div class=\"jbs_y-9ak\"><div class=\"ez_o-s16\"><h3 class=\"lg_dk-fvg m_jo-h3-e1z\"><a href=\"https:\/\/hubba.co.nz\/out\/offer.php?id=251e491e-4a4a-4d6a-bee5-be94fd6a0ff7&o=stripchat&t=\" class=\"m_jo-a-jy3\" target=\"_blank\">StripChat<\/a><\/h3><div class=\"jbs_y-e34\"><\/div><\/div><\/div><div class=\"jbs_y-sxz\"><div><a href=\"https:\/\/hubba.co.nz\/out\/offer.php?id=251e491e-4a4a-4d6a-bee5-be94fd6a0ff7&o=stripchat&t=\" class=\"gfj_a-i5n m_jo-a-jy3\"  target=\"_blank\"><\/a><\/div><\/div><\/div><\/div><\/div><\/p>\n<div class=\"mb30 wpsm_box blue_type nonefloat_box\" style=\"text-align:center; width:auto\"><a href=\"\/out\/offer.php?id=251e491e-4a4a-4d6a-bee5-be94fd6a0ff7&amp;o=stripchat&amp;t=\" style=\"color: blue\">\ud83d\udca6 Try Teen Sex Cams using Stripchat Now! \ud83e\udd70<\/a><\/div>\n<h1><a href=\"\/out\/offer.php?id=251e491e-4a4a-4d6a-bee5-be94fd6a0ff7&amp;o=live-jasmine&amp;t=\" target=\"_blank\" rel=\"noopener\"><span style=\"color: #8c54ff;\">\ud83d\udca6 En vivoJasmin \ud83d\udca6<\/span><\/a><\/h1>\n<p><a href=\"\/out\/offer.php?id=251e491e-4a4a-4d6a-bee5-be94fd6a0ff7&amp;o=live-jasmine&amp;t=\" target=\"_blank\" rel=\"noopener\"><img loading=\"lazy\" decoding=\"async\" class=\"aligncenter size-full\" src=\"\/images\/banners\/live-jasmine.jpg\" alt=\"\" width=\"800\" height=\"693\"><\/a><br \/>\n<h2>Descubre el mundo de LiveJasmin<\/h2>\n                <p>Explora el cautivador mundo de LiveJasmin, donde tus fantas\u00edas m\u00e1s intrigantes cobran vida. Sum\u00e9rgete en una comunidad vibrante que abraza apasionadamente el arte de la conexi\u00f3n y la expresi\u00f3n, donde emocionantes c\u00e1maras de sexo adolescente en vivo esperan tu atenci\u00f3n. Aqu\u00ed, tienes la oportunidad \u00fanica de interactuar con deslumbrantes modelos listas para charlar, coquetear y asegurarte de que tus deseos se cumplan de la manera m\u00e1s estimulante. Cada encuentro es tan \u00fanico como t\u00fa, prometiendo aventuras inolvidables y el encanto de una interacci\u00f3n genuina. \u00bfTe sientes aventurero? Descubra una fascinante variedad de experiencias a trav\u00e9s de nuestra <a href=\"https:\/\/hubba.co.nz\/es\/camaras-sissy\/\">colecci\u00f3n<\/a> exclusiva donde la exploraci\u00f3n se encuentra con la emoci\u00f3n, satisfaciendo todos sus caprichos y curiosidades. Ven, da un salto al encantador reino de LiveJasmin, donde cada momento es una invitaci\u00f3n a explorar la esencia de tus deseos.      <\/p>\n            <div class=\"jbs_y-9qj kb_c-qth\"><div class=\"jn_wx-sta\"><div class=\"p_oka-yvo\"><div class=\"r_lak-en7\"><span class=\"ba-gf-h9a\"><span class=\"lg_dk-942\"><span><\/span><\/span><span class=\"ba-gf-a14\" style=\"border-top-color:#334dfe\"><\/span><\/span><div class=\"jbs_y-y2r\">1<\/div><figure><img loading=\"lazy\" decoding=\"async\" width=\"800\" height=\"540\" src=\"https:\/\/hubba.co.nz\/images\/live-jasmine.png\" class=\"rg_jas-dod m_jo-img-h2b\"><\/figure><\/div><div class=\"jbs_y-9ak\"><div class=\"ez_o-s16\"><h3 class=\"lg_dk-fvg m_jo-h3-e1z\"><a href=\"https:\/\/hubba.co.nz\/out\/offer.php?id=251e491e-4a4a-4d6a-bee5-be94fd6a0ff7&o=live-jasmine&t=\" class=\"m_jo-a-jy3\" target=\"_blank\">Live Jasmin<\/a><\/h3><div class=\"jbs_y-e34\"><\/div><\/div><\/div><div class=\"jbs_y-sxz\"><div><a href=\"https:\/\/hubba.co.nz\/out\/offer.php?id=251e491e-4a4a-4d6a-bee5-be94fd6a0ff7&o=live-jasmine&t=\" class=\"gfj_a-i5n m_jo-a-jy3\"  target=\"_blank\"><\/a><\/div><\/div><\/div><\/div><\/div><\/p>\n<div class=\"mb30 wpsm_box blue_type nonefloat_box\" style=\"text-align:center; width:auto\"><a href=\"\/out\/offer.php?id=251e491e-4a4a-4d6a-bee5-be94fd6a0ff7&amp;o=live-jasmine&amp;t=\" style=\"color: blue\">\ud83d\udca6 Try Teen Sex Cams using LiveJasmin Now! \ud83d\udc59<\/a><\/div>\n<h1><a href=\"\/out\/offer.php?id=251e491e-4a4a-4d6a-bee5-be94fd6a0ff7&amp;o=jerkmate&amp;t=\" target=\"_blank\" rel=\"noopener\"><span style=\"color: #8c54ff;\">\ud83c\udf51 Imb\u00e9cil \ud83d\udca6<\/span><\/a><\/h1>\n<p><a href=\"\/out\/offer.php?id=251e491e-4a4a-4d6a-bee5-be94fd6a0ff7&amp;o=jerkmate&amp;t=\" target=\"_blank\" rel=\"noopener\"><img loading=\"lazy\" decoding=\"async\" class=\"aligncenter size-full\" src=\"\/images\/banners\/jerkmate.jpg\" alt=\"\" width=\"800\" height=\"693\"><\/a><br \/>\n<h2>Explorando Jerkmate: Tu gu\u00eda definitiva<\/h2>\n                <p>Jerkmate ofrece una plataforma estimulante donde tus fantas\u00edas cobran vida con el encanto \u00edntimo de Teen Sex Cams. Sum\u00e9rgete en un mundo de electrizantes espect\u00e1culos en vivo y sesiones interactivas con modelos cautivadoras listas para satisfacer tus deseos. Ya sea que est\u00e9 buscando charlar, explorar o disfrutar de impresionantes actuaciones para adultos, Jerkmate ofrece un asiento de primera fila para las c\u00e1maras en vivo m\u00e1s apasionantes, prometiendo una experiencia inolvidable dise\u00f1ada solo para usted. Prep\u00e1rate para conectarte, interactuar y sumergirte en un reino donde cada encuentro est\u00e1 a solo un clic de distancia.   <\/p>\n            <div class=\"jbs_y-9qj kb_c-qth\"><div class=\"jn_wx-sta\"><div class=\"p_oka-yvo\"><div class=\"r_lak-en7\"><span class=\"ba-gf-h9a\"><span class=\"lg_dk-942\"><span><\/span><\/span><span class=\"ba-gf-a14\" style=\"border-top-color:#334dfe\"><\/span><\/span><div class=\"jbs_y-y2r\">1<\/div><figure><img loading=\"lazy\" decoding=\"async\" width=\"800\" height=\"540\" src=\"https:\/\/hubba.co.nz\/images\/jerkmate.png\" class=\"rg_jas-dod m_jo-img-h2b\"><\/figure><\/div><div class=\"jbs_y-9ak\"><div class=\"ez_o-s16\"><h3 class=\"lg_dk-fvg m_jo-h3-e1z\"><a href=\"https:\/\/hubba.co.nz\/out\/offer.php?id=251e491e-4a4a-4d6a-bee5-be94fd6a0ff7&o=jerkmate&t=\" class=\"m_jo-a-jy3\" target=\"_blank\">JerkMate<\/a><\/h3><div class=\"jbs_y-e34\"><\/div><\/div><\/div><div class=\"jbs_y-sxz\"><div><a href=\"https:\/\/hubba.co.nz\/out\/offer.php?id=251e491e-4a4a-4d6a-bee5-be94fd6a0ff7&o=jerkmate&t=\" class=\"gfj_a-i5n m_jo-a-jy3\"  target=\"_blank\"><\/a><\/div><\/div><\/div><\/div><\/div><\/p>\n<div class=\"mb30 wpsm_box blue_type nonefloat_box\" style=\"text-align:center; width:auto\"><a href=\"\/out\/offer.php?id=251e491e-4a4a-4d6a-bee5-be94fd6a0ff7&amp;o=jerkmate&amp;t=\" style=\"color: blue\">\ud83c\udf89 Try Teen Sex Cams using Jerkmate Now! \ud83c\udf39<\/a><\/div>\n<h1><a href=\"\/out\/offer.php?id=251e491e-4a4a-4d6a-bee5-be94fd6a0ff7&amp;o=imlive&amp;t=\" target=\"_blank\" rel=\"noopener\"><span style=\"color: #8c54ff;\">\u2764\ufe0f ImLive \ud83d\udc8b<\/span><\/a><\/h1>\n<p><a href=\"\/out\/offer.php?id=251e491e-4a4a-4d6a-bee5-be94fd6a0ff7&amp;o=imlive&amp;t=\" target=\"_blank\" rel=\"noopener\"><img loading=\"lazy\" decoding=\"async\" class=\"aligncenter size-full\" src=\"\/images\/banners\/imlive.jpg\" alt=\"\" width=\"800\" height=\"693\"><\/a><br \/>\n<h2>Descubre el mundo de ImLive<\/h2>\n                <p>Explora el electrizante mundo de ImLive, donde tus fantas\u00edas cobran vida a trav\u00e9s de atractivas experiencias de c\u00e1mara en vivo con modelos vibrantes. Sum\u00e9rgete en nuestra diversa gama de canales adaptados a tus intereses y sum\u00e9rgete en charlas cautivadoras con artistas carism\u00e1ticos que est\u00e1n listos para llevar momentos inolvidables a tu pantalla. Ya sea que est\u00e9 buscando interacciones espont\u00e1neas o conexiones \u00edntimas, ImLive ofrece una estimulante combinaci\u00f3n de encanto y emoci\u00f3n, prometiendo un viaje inmersivo como ning\u00fan otro. Satisface tu curiosidad y descubre el fascinante universo del entretenimiento en vivo con ImLive.   <\/p>\n            <div class=\"jbs_y-9qj kb_c-qth\"><div class=\"jn_wx-sta\"><div class=\"p_oka-yvo\"><div class=\"r_lak-en7\"><span class=\"ba-gf-h9a\"><span class=\"lg_dk-942\"><span><\/span><\/span><span class=\"ba-gf-a14\" style=\"border-top-color:#334dfe\"><\/span><\/span><div class=\"jbs_y-y2r\">1<\/div><figure><img loading=\"lazy\" decoding=\"async\" width=\"800\" height=\"540\" src=\"https:\/\/hubba.co.nz\/images\/imlive.png\" class=\"rg_jas-dod m_jo-img-h2b\"><\/figure><\/div><div class=\"jbs_y-9ak\"><div class=\"ez_o-s16\"><h3 class=\"lg_dk-fvg m_jo-h3-e1z\"><a href=\"https:\/\/hubba.co.nz\/out\/offer.php?id=251e491e-4a4a-4d6a-bee5-be94fd6a0ff7&o=imlive&t=\" class=\"m_jo-a-jy3\" target=\"_blank\">ImLive.com<\/a><\/h3><div class=\"jbs_y-e34\"><\/div><\/div><\/div><div class=\"jbs_y-sxz\"><div><a href=\"https:\/\/hubba.co.nz\/out\/offer.php?id=251e491e-4a4a-4d6a-bee5-be94fd6a0ff7&o=imlive&t=\" class=\"gfj_a-i5n m_jo-a-jy3\"  target=\"_blank\"><\/a><\/div><\/div><\/div><\/div><\/div><\/p>\n<div class=\"mb30 wpsm_box blue_type nonefloat_box\" style=\"text-align:center; width:auto\"><a href=\"\/out\/offer.php?id=251e491e-4a4a-4d6a-bee5-be94fd6a0ff7&amp;o=imlive&amp;t=\" style=\"color: blue\">\ud83d\ude0f Try Teen Sex Cams using ImLive Now! \ud83d\ude0f<\/a><\/div>\n<p>Cuando se trata de explorar las mejores c\u00e1maras de sexo para adolescentes, Stripchat realmente se destaca con su vibrante comunidad y funciones interactivas. Sin embargo, plataformas como LiveJasmin y Jerkmate tambi\u00e9n ofrecen experiencias excepcionales, cada una con encantos \u00fanicos que se adaptan a diversas preferencias. Si tienes curiosidad por descubrir m\u00e1s opciones de c\u00e1maras para adultos, aseg\u00farate de consultar otras alternativas interesantes en nuestro sitio, <a href=\"https:\/\/hubba.co.nz\/es\/creampie-camaras-de-sexo\/\">aqu\u00ed mismo<\/a>. En \u00faltima instancia, ya sea que te atraigan las ofertas din\u00e1micas de Stripchat o te intriga la elegancia de LiveJasmin, hay una plataforma perfecta para cada deseo. \u00a1Abraza la variedad y encuentra tu pareja perfecta hoy!    <\/p>\n<div class=\"jbs_y-9qj kb_c-qth\"><div class=\"jn_wx-sta\"><div class=\"p_oka-yvo\"><div class=\"r_lak-en7\"><span class=\"ba-gf-h9a\"><span class=\"lg_dk-942\"><span><\/span><\/span><span class=\"ba-gf-a14\" style=\"border-top-color:#334dfe\"><\/span><\/span><div class=\"jbs_y-y2r\">1<\/div><figure><img loading=\"lazy\" decoding=\"async\" width=\"800\" height=\"540\" src=\"https:\/\/hubba.co.nz\/images\/stripchat.png\" class=\"rg_jas-dod m_jo-img-h2b\"><\/figure><\/div><div class=\"jbs_y-9ak\"><div class=\"ez_o-s16\"><h3 class=\"lg_dk-fvg m_jo-h3-e1z\"><a href=\"https:\/\/hubba.co.nz\/out\/offer.php?id=251e491e-4a4a-4d6a-bee5-be94fd6a0ff7&o=stripchat&t=\" class=\"m_jo-a-jy3\" target=\"_blank\">StripChat<\/a><\/h3><div class=\"jbs_y-e34\"><\/div><\/div><\/div><div class=\"jbs_y-sxz\"><div><a href=\"https:\/\/hubba.co.nz\/out\/offer.php?id=251e491e-4a4a-4d6a-bee5-be94fd6a0ff7&o=stripchat&t=\" class=\"gfj_a-i5n m_jo-a-jy3\"  target=\"_blank\"><\/a><\/div><\/div><\/div><\/div>\n<div class=\"jn_wx-sta\"><div class=\"p_oka-yvo\"><div class=\"r_lak-en7\"><div class=\"jbs_y-y2r\">2<\/div><figure><img loading=\"lazy\" decoding=\"async\" width=\"800\" height=\"540\" src=\"https:\/\/hubba.co.nz\/images\/live-jasmine.png\" class=\"rg_jas-dod m_jo-img-h2b\"><\/figure><\/div><div class=\"jbs_y-9ak\"><div class=\"ez_o-s16\"><h3 class=\"lg_dk-fvg m_jo-h3-e1z\"><a href=\"https:\/\/hubba.co.nz\/out\/offer.php?id=251e491e-4a4a-4d6a-bee5-be94fd6a0ff7&o=live-jasmine&t=\" class=\"m_jo-a-jy3\" target=\"_blank\">Live Jasmin<\/a><\/h3><div class=\"jbs_y-e34\"><\/div><\/div><\/div><div class=\"jbs_y-sxz\"><div><a href=\"https:\/\/hubba.co.nz\/out\/offer.php?id=251e491e-4a4a-4d6a-bee5-be94fd6a0ff7&o=live-jasmine&t=\" class=\"gfj_a-i5n m_jo-a-jy3\"  target=\"_blank\"><\/a><\/div><\/div><\/div><\/div>\n<div class=\"jn_wx-sta\"><div class=\"p_oka-yvo\"><div class=\"r_lak-en7\"><div class=\"jbs_y-y2r\">3<\/div><figure><img loading=\"lazy\" decoding=\"async\" width=\"800\" height=\"540\" src=\"https:\/\/hubba.co.nz\/images\/jerkmate.png\" class=\"rg_jas-dod m_jo-img-h2b\"><\/figure><\/div><div class=\"jbs_y-9ak\"><div class=\"ez_o-s16\"><h3 class=\"lg_dk-fvg m_jo-h3-e1z\"><a href=\"https:\/\/hubba.co.nz\/out\/offer.php?id=251e491e-4a4a-4d6a-bee5-be94fd6a0ff7&o=jerkmate&t=\" class=\"m_jo-a-jy3\" target=\"_blank\">JerkMate<\/a><\/h3><div class=\"jbs_y-e34\"><\/div><\/div><\/div><div class=\"jbs_y-sxz\"><div><a href=\"https:\/\/hubba.co.nz\/out\/offer.php?id=251e491e-4a4a-4d6a-bee5-be94fd6a0ff7&o=jerkmate&t=\" class=\"gfj_a-i5n m_jo-a-jy3\"  target=\"_blank\"><\/a><\/div><\/div><\/div><\/div>\n<div class=\"jn_wx-sta\"><div class=\"p_oka-yvo\"><div class=\"r_lak-en7\"><div class=\"jbs_y-y2r\">4<\/div><figure><img loading=\"lazy\" decoding=\"async\" width=\"800\" height=\"540\" src=\"https:\/\/hubba.co.nz\/images\/imlive.png\" class=\"rg_jas-dod m_jo-img-h2b\"><\/figure><\/div><div class=\"jbs_y-9ak\"><div class=\"ez_o-s16\"><h3 class=\"lg_dk-fvg m_jo-h3-e1z\"><a href=\"https:\/\/hubba.co.nz\/out\/offer.php?id=251e491e-4a4a-4d6a-bee5-be94fd6a0ff7&o=imlive&t=\" class=\"m_jo-a-jy3\" target=\"_blank\">ImLive.com<\/a><\/h3><div class=\"jbs_y-e34\"><\/div><\/div><\/div><div class=\"jbs_y-sxz\"><div><a href=\"https:\/\/hubba.co.nz\/out\/offer.php?id=251e491e-4a4a-4d6a-bee5-be94fd6a0ff7&o=imlive&t=\" class=\"gfj_a-i5n m_jo-a-jy3\"  target=\"_blank\"><\/a><\/div><\/div><\/div><\/div><\/div>\n","protected":false},"excerpt":{"rendered":"<p>C\u00e1maras de sexo para adolescentes: \u00a1Sum\u00e9rgete en la emoci\u00f3n juvenil y explora tus fantas\u00edas m\u00e1s salvajes! \ud83e\udd70 Deleita tus sentidos y sum\u00e9rgete en el emocionante mundo del encanto juvenil y la tentadora interacci\u00f3n en vivo. Da rienda suelta a tus fantas\u00edas mientras te conectas con modelos seductoras que est\u00e1n ansiosas por compartir sus aventuras \u00edntimas &#8230; <a title=\"C\u00e1maras de sexo para adolescentes\" class=\"read-more\" href=\"https:\/\/hubba.co.nz\/es\/camaras-de-sexo-para-adolescentes\/\" aria-label=\"Leer m\u00e1s sobre C\u00e1maras de sexo para adolescentes\">Leer m\u00e1s<\/a><\/p>\n","protected":false},"author":1,"featured_media":0,"parent":0,"menu_order":0,"comment_status":"closed","ping_status":"closed","template":"","meta":{"footnotes":""},"class_list":["post-5015","page","type-page","status-publish"],"yoast_head":"<!-- This site is optimized with the Yoast SEO plugin v19.12 - https:\/\/yoast.com\/wordpress\/plugins\/seo\/ -->\n<title>Teen Sex Cams - Teen Sex Cams: \u00a1Sum\u00e9rgete en la emoci\u00f3n juvenil y explora tus fantas\u00edas m\u00e1s salvajes!<\/title>\n<meta name=\"robots\" content=\"index, follow, max-snippet:-1, max-image-preview:large, max-video-preview:-1\" \/>\n<link rel=\"canonical\" href=\"https:\/\/hubba.co.nz\/es\/camaras-de-sexo-para-adolescentes\/\" \/>\n<meta property=\"og:locale\" content=\"es_ES\" \/>\n<meta property=\"og:type\" content=\"article\" \/>\n<meta property=\"og:title\" content=\"Teen Sex Cams - Teen Sex Cams: \u00a1Sum\u00e9rgete en la emoci\u00f3n juvenil y explora tus fantas\u00edas m\u00e1s salvajes!\" \/>\n<meta property=\"og:description\" content=\"C\u00e1maras de sexo para adolescentes: \u00a1Sum\u00e9rgete en la emoci\u00f3n juvenil y explora tus fantas\u00edas m\u00e1s salvajes! \ud83e\udd70 Deleita tus sentidos y sum\u00e9rgete en el emocionante mundo del encanto juvenil y la tentadora interacci\u00f3n en vivo. Da rienda suelta a tus fantas\u00edas mientras te conectas con modelos seductoras que est\u00e1n ansiosas por compartir sus aventuras \u00edntimas ... Leer m\u00e1s\" \/>\n<meta property=\"og:url\" content=\"https:\/\/hubba.co.nz\/es\/camaras-de-sexo-para-adolescentes\/\" \/>\n<meta property=\"og:site_name\" content=\"Hubba NZ\" \/>\n<meta name=\"twitter:card\" content=\"summary_large_image\" \/>\n<meta name=\"twitter:label1\" content=\"Tiempo de lectura\" \/>\n\t<meta name=\"twitter:data1\" content=\"5 minutos\" \/>\n<script type=\"application\/ld+json\" class=\"yoast-schema-graph\">{\"@context\":\"https:\/\/schema.org\",\"@graph\":[{\"@type\":\"WebPage\",\"@id\":\"https:\/\/hubba.co.nz\/es\/camaras-de-sexo-para-adolescentes\/\",\"url\":\"https:\/\/hubba.co.nz\/es\/camaras-de-sexo-para-adolescentes\/\",\"name\":\"Teen Sex Cams - Teen Sex Cams: \u00a1Sum\u00e9rgete en la emoci\u00f3n juvenil y explora tus fantas\u00edas m\u00e1s salvajes!\",\"isPartOf\":{\"@id\":\"https:\/\/hubba.co.nz\/es\/#website\"},\"datePublished\":\"2025-03-08T08:26:33+00:00\",\"dateModified\":\"2025-03-08T08:26:33+00:00\",\"breadcrumb\":{\"@id\":\"https:\/\/hubba.co.nz\/es\/camaras-de-sexo-para-adolescentes\/#breadcrumb\"},\"inLanguage\":\"es\",\"potentialAction\":[{\"@type\":\"ReadAction\",\"target\":[\"https:\/\/hubba.co.nz\/es\/camaras-de-sexo-para-adolescentes\/\"]}]},{\"@type\":\"BreadcrumbList\",\"@id\":\"https:\/\/hubba.co.nz\/es\/camaras-de-sexo-para-adolescentes\/#breadcrumb\",\"itemListElement\":[{\"@type\":\"ListItem\",\"position\":1,\"name\":\"Home\",\"item\":\"https:\/\/hubba.co.nz\/es\/sitios-de-conocer-y-follar-nueva-zelanda\/\"},{\"@type\":\"ListItem\",\"position\":2,\"name\":\"C\u00e1maras de sexo para adolescentes\"}]},{\"@type\":\"WebSite\",\"@id\":\"https:\/\/hubba.co.nz\/es\/#website\",\"url\":\"https:\/\/hubba.co.nz\/es\/\",\"name\":\"Hubba NZ\",\"description\":\"\",\"potentialAction\":[{\"@type\":\"SearchAction\",\"target\":{\"@type\":\"EntryPoint\",\"urlTemplate\":\"https:\/\/hubba.co.nz\/es\/?s={search_term_string}\"},\"query-input\":\"required name=search_term_string\"}],\"inLanguage\":\"es\"}]}<\/script>\n<!-- \/ Yoast SEO plugin. -->","yoast_head_json":{"title":"Teen Sex Cams - Teen Sex Cams: \u00a1Sum\u00e9rgete en la emoci\u00f3n juvenil y explora tus fantas\u00edas m\u00e1s salvajes!","robots":{"index":"index","follow":"follow","max-snippet":"max-snippet:-1","max-image-preview":"max-image-preview:large","max-video-preview":"max-video-preview:-1"},"canonical":"https:\/\/hubba.co.nz\/es\/camaras-de-sexo-para-adolescentes\/","og_locale":"es_ES","og_type":"article","og_title":"Teen Sex Cams - Teen Sex Cams: \u00a1Sum\u00e9rgete en la emoci\u00f3n juvenil y explora tus fantas\u00edas m\u00e1s salvajes!","og_description":"C\u00e1maras de sexo para adolescentes: \u00a1Sum\u00e9rgete en la emoci\u00f3n juvenil y explora tus fantas\u00edas m\u00e1s salvajes! \ud83e\udd70 Deleita tus sentidos y sum\u00e9rgete en el emocionante mundo del encanto juvenil y la tentadora interacci\u00f3n en vivo. Da rienda suelta a tus fantas\u00edas mientras te conectas con modelos seductoras que est\u00e1n ansiosas por compartir sus aventuras \u00edntimas ... Leer m\u00e1s","og_url":"https:\/\/hubba.co.nz\/es\/camaras-de-sexo-para-adolescentes\/","og_site_name":"Hubba NZ","twitter_card":"summary_large_image","twitter_misc":{"Tiempo de lectura":"5 minutos"},"schema":{"@context":"https:\/\/schema.org","@graph":[{"@type":"WebPage","@id":"https:\/\/hubba.co.nz\/es\/camaras-de-sexo-para-adolescentes\/","url":"https:\/\/hubba.co.nz\/es\/camaras-de-sexo-para-adolescentes\/","name":"Teen Sex Cams - Teen Sex Cams: \u00a1Sum\u00e9rgete en la emoci\u00f3n juvenil y explora tus fantas\u00edas m\u00e1s salvajes!","isPartOf":{"@id":"https:\/\/hubba.co.nz\/es\/#website"},"datePublished":"2025-03-08T08:26:33+00:00","dateModified":"2025-03-08T08:26:33+00:00","breadcrumb":{"@id":"https:\/\/hubba.co.nz\/es\/camaras-de-sexo-para-adolescentes\/#breadcrumb"},"inLanguage":"es","potentialAction":[{"@type":"ReadAction","target":["https:\/\/hubba.co.nz\/es\/camaras-de-sexo-para-adolescentes\/"]}]},{"@type":"BreadcrumbList","@id":"https:\/\/hubba.co.nz\/es\/camaras-de-sexo-para-adolescentes\/#breadcrumb","itemListElement":[{"@type":"ListItem","position":1,"name":"Home","item":"https:\/\/hubba.co.nz\/es\/sitios-de-conocer-y-follar-nueva-zelanda\/"},{"@type":"ListItem","position":2,"name":"C\u00e1maras de sexo para adolescentes"}]},{"@type":"WebSite","@id":"https:\/\/hubba.co.nz\/es\/#website","url":"https:\/\/hubba.co.nz\/es\/","name":"Hubba NZ","description":"","potentialAction":[{"@type":"SearchAction","target":{"@type":"EntryPoint","urlTemplate":"https:\/\/hubba.co.nz\/es\/?s={search_term_string}"},"query-input":"required name=search_term_string"}],"inLanguage":"es"}]}},"_links":{"self":[{"href":"https:\/\/hubba.co.nz\/es\/wp-json\/wp\/v2\/pages\/5015","targetHints":{"allow":["GET"]}}],"collection":[{"href":"https:\/\/hubba.co.nz\/es\/wp-json\/wp\/v2\/pages"}],"about":[{"href":"https:\/\/hubba.co.nz\/es\/wp-json\/wp\/v2\/types\/page"}],"author":[{"embeddable":true,"href":"https:\/\/hubba.co.nz\/es\/wp-json\/wp\/v2\/users\/1"}],"replies":[{"embeddable":true,"href":"https:\/\/hubba.co.nz\/es\/wp-json\/wp\/v2\/comments?post=5015"}],"version-history":[{"count":0,"href":"https:\/\/hubba.co.nz\/es\/wp-json\/wp\/v2\/pages\/5015\/revisions"}],"wp:attachment":[{"href":"https:\/\/hubba.co.nz\/es\/wp-json\/wp\/v2\/media?parent=5015"}],"curies":[{"name":"wp","href":"https:\/\/api.w.org\/{rel}","templated":true}]}}