{"id":3044,"date":"2025-03-08T08:09:09","date_gmt":"2025-03-08T08:09:09","guid":{"rendered":"https:\/\/hubba.co.nz\/ai-figa-adolescente\/"},"modified":"2025-03-08T08:09:09","modified_gmt":"2025-03-08T08:09:09","slug":"ai-figa-adolescente","status":"publish","type":"page","link":"https:\/\/hubba.co.nz\/it\/ai-figa-adolescente\/","title":{"rendered":"AI Figa Adolescente"},"content":{"rendered":"\r\n    <div class=\"conteiner-tq6\">\r\n        <div class=\"conteiner-hh9\"><img decoding=\"async\" src=\"https:\/\/public-use.b-cdn.net\/ai\/webp\/blonde.webp?width=321&height=431\" class=\"image-i1a\"><\/div>\r\n        <div class=\"block-rfj\">\r\n            <div class=\"content-8to\">\r\n                <h1 class=\"hea-456\"><span class=\"text-ode\">Chat With Blonde Girls<\/span> on Candy.ai<\/h1>\r\n                <div class=\"block-bmg\">Make her exactly how you fantasize - no limits!<\/div>\r\n                <a href=\"\/out\/offer.php?id=6a813e7f-3130-4375-bd24-2f65d2405e8b&o=candyai&t=blonde\" class=\"button-lfn block-te9\" target=\"_blank\">\r\n                    <div class=\"button-g6v\">Create Your AI Character<\/div>\r\n                <\/a>\r\n            <\/div>\r\n        <\/div>\r\n    <\/div>\n<h1><span style=\"color: #8c54ff;\">Sblocca le fantasie degli adolescenti AI: autostrade da esplorare attraverso l&#8217;innovazione \ud83c\udf46 dell&#8217;intelligenza artificiale<\/span><\/h1>\n<p>L&#8217;intelligenza artificiale ha fatto molta strada sin dagli albori della rivoluzione, una delle sottosezioni che ne ha beneficiato notevolmente \u00e8 quella dei contenuti per adolescenti basati sull&#8217;intelligenza artificiale. Di seguito sono riportati alcuni degli strumenti pi\u00f9 popolari per costruire un adolescente sexy! <\/p>\n<div class=\"jbs_y-9qj kb_c-qth\"><div class=\"jn_wx-sta\"><div class=\"p_oka-yvo\"><div class=\"r_lak-en7\"><span class=\"ba-gf-h9a\"><span class=\"lg_dk-942\"><span><\/span><\/span><span class=\"ba-gf-a14\" style=\"border-top-color:#334dfe\"><\/span><\/span><div class=\"jbs_y-y2r\">1<\/div><figure><img loading=\"lazy\" decoding=\"async\" width=\"800\" height=\"540\" src=\"https:\/\/hubba.co.nz\/images\/fantasygf.png\" class=\"rg_jas-dod m_jo-img-h2b\"><\/figure><\/div><div class=\"jbs_y-9ak\"><div class=\"ez_o-s16\"><h3 class=\"lg_dk-fvg m_jo-h3-e1z\"><a href=\"https:\/\/hubba.co.nz\/out\/offer.php?id=251e491e-4a4a-4d6a-bee5-be94fd6a0ff7&o=fantasygf&t=\" class=\"m_jo-a-jy3\" target=\"_blank\">FantasyGF<\/a><\/h3><div class=\"jbs_y-e34\"><\/div><\/div><\/div><div class=\"jbs_y-sxz\"><div><a href=\"https:\/\/hubba.co.nz\/out\/offer.php?id=251e491e-4a4a-4d6a-bee5-be94fd6a0ff7&o=fantasygf&t=\" class=\"gfj_a-i5n m_jo-a-jy3\"  target=\"_blank\"><\/a><\/div><\/div><\/div><\/div>\n<div class=\"jn_wx-sta\"><div class=\"p_oka-yvo\"><div class=\"r_lak-en7\"><div class=\"jbs_y-y2r\">2<\/div><figure><img loading=\"lazy\" decoding=\"async\" width=\"800\" height=\"540\" src=\"https:\/\/hubba.co.nz\/images\/undresscc.png\" class=\"rg_jas-dod m_jo-img-h2b\"><\/figure><\/div><div class=\"jbs_y-9ak\"><div class=\"ez_o-s16\"><h3 class=\"lg_dk-fvg m_jo-h3-e1z\"><a href=\"https:\/\/hubba.co.nz\/out\/offer.php?id=251e491e-4a4a-4d6a-bee5-be94fd6a0ff7&o=undresscc&t=\" class=\"m_jo-a-jy3\" target=\"_blank\">Undress.cc<\/a><\/h3><div class=\"jbs_y-e34\"><\/div><\/div><\/div><div class=\"jbs_y-sxz\"><div><a href=\"https:\/\/hubba.co.nz\/out\/offer.php?id=251e491e-4a4a-4d6a-bee5-be94fd6a0ff7&o=undresscc&t=\" class=\"gfj_a-i5n m_jo-a-jy3\"  target=\"_blank\"><\/a><\/div><\/div><\/div><\/div>\n<div class=\"jn_wx-sta\"><div class=\"p_oka-yvo\"><div class=\"r_lak-en7\"><div class=\"jbs_y-y2r\">3<\/div><figure><img loading=\"lazy\" decoding=\"async\" width=\"800\" height=\"540\" src=\"https:\/\/hubba.co.nz\/images\/spicychatai.png\" class=\"rg_jas-dod m_jo-img-h2b\"><\/figure><\/div><div class=\"jbs_y-9ak\"><div class=\"ez_o-s16\"><h3 class=\"lg_dk-fvg m_jo-h3-e1z\"><a href=\"https:\/\/hubba.co.nz\/out\/offer.php?id=251e491e-4a4a-4d6a-bee5-be94fd6a0ff7&o=spicychatai&t=\" class=\"m_jo-a-jy3\" target=\"_blank\">SpicyChat.ai<\/a><\/h3><div class=\"jbs_y-e34\"><\/div><\/div><\/div><div class=\"jbs_y-sxz\"><div><a href=\"https:\/\/hubba.co.nz\/out\/offer.php?id=251e491e-4a4a-4d6a-bee5-be94fd6a0ff7&o=spicychatai&t=\" class=\"gfj_a-i5n m_jo-a-jy3\"  target=\"_blank\"><\/a><\/div><\/div><\/div><\/div>\n<div class=\"jn_wx-sta\"><div class=\"p_oka-yvo\"><div class=\"r_lak-en7\"><div class=\"jbs_y-y2r\">4<\/div><figure><img loading=\"lazy\" decoding=\"async\" width=\"800\" height=\"540\" src=\"https:\/\/hubba.co.nz\/images\/promptchan.png\" class=\"rg_jas-dod m_jo-img-h2b\"><\/figure><\/div><div class=\"jbs_y-9ak\"><div class=\"ez_o-s16\"><h3 class=\"lg_dk-fvg m_jo-h3-e1z\"><a href=\"https:\/\/hubba.co.nz\/out\/offer.php?id=6a813e7f-3130-4375-bd24-2f65d2405e8b&o=promptchan&t=\" class=\"m_jo-a-jy3\" target=\"_blank\">PromptChan.ai<\/a><\/h3><div class=\"jbs_y-e34\">\u2714\ufe0f Genera gif e video<br>\u2714\ufe0f Completamente gratuito per testare<br>\u2714\ufe0f Modifica i tuoi modelli di intelligenza artificiale<br>\u2714\ufe0f Crea immagini pornografiche (senza limiti)<\/div><\/div><\/div><div class=\"jbs_y-sxz\"><div><a href=\"https:\/\/hubba.co.nz\/out\/offer.php?id=6a813e7f-3130-4375-bd24-2f65d2405e8b&o=promptchan&t=\" class=\"gfj_a-i5n m_jo-a-jy3\"  target=\"_blank\">Prova gratuita<\/a><\/div><\/div><\/div><\/div><\/div>\n<h1><a href=\"\/out\/offer.php?id=6a813e7f-3130-4375-bd24-2f65d2405e8b&amp;o=fantasygf&amp;t=\" target=\"_blank\" rel=\"noopener\"><span style=\"color: #8c54ff;\">\ud83d\ude08 FantasiaGF \ud83d\ude0d<\/span><\/a><\/h1>\n<p><a href=\"\/out\/offer.php?id=6a813e7f-3130-4375-bd24-2f65d2405e8b&amp;o=fantasygf&amp;t=\" target=\"_blank\" rel=\"noopener\"><img loading=\"lazy\" decoding=\"async\" class=\"aligncenter size-full\" src=\"\/images\/banners\/fantasygf.jpg\" alt=\"\" width=\"800\" height=\"693\"><\/a><br \/>\n<h2>Scopri la magia di FantasyGF<\/h2>\n                <p>Immergiti in un mondo di immaginazione e sensualit\u00e0 con FantasyGF, dove i tuoi desideri sono al centro dell&#8217;attenzione. Prova l&#8217;emozione di creare i tuoi personaggi IA unici creati per soddisfare ogni tuo capriccio. Sia che tu stia cercando una conversazione allettante con un compagno virtuale o desideri dare vita ai tuoi sogni, FantasyGF ti consente di progettare il partner perfetto. Esplora un universo pieno di possibilit\u00e0 illimitate e concediti infinite opzioni per il coinvolgimento virtuale. Per coloro che sono affascinati dalla bellezza diversificata, potresti voler dare un&#8217;occhiata a pi\u00f9 opzioni attraverso la nostra funzione <a href=\"https:\/\/hubba.co.nz\/it\/ragazza-nera-ai-porno\/\">qui<\/a>. Scatena le tue fantasie ed entra in un regno dove la tua immaginazione non conosce limiti.     <\/p>\n            <div class=\"jbs_y-9qj kb_c-qth\"><div class=\"jn_wx-sta\"><div class=\"p_oka-yvo\"><div class=\"r_lak-en7\"><span class=\"ba-gf-h9a\"><span class=\"lg_dk-942\"><span><\/span><\/span><span class=\"ba-gf-a14\" style=\"border-top-color:#334dfe\"><\/span><\/span><div class=\"jbs_y-y2r\">1<\/div><figure><img loading=\"lazy\" decoding=\"async\" width=\"800\" height=\"540\" src=\"https:\/\/hubba.co.nz\/images\/fantasygf.png\" class=\"rg_jas-dod m_jo-img-h2b\"><\/figure><\/div><div class=\"jbs_y-9ak\"><div class=\"ez_o-s16\"><h3 class=\"lg_dk-fvg m_jo-h3-e1z\"><a href=\"https:\/\/hubba.co.nz\/out\/offer.php?id=251e491e-4a4a-4d6a-bee5-be94fd6a0ff7&o=fantasygf&t=\" class=\"m_jo-a-jy3\" target=\"_blank\">FantasyGF<\/a><\/h3><div class=\"jbs_y-e34\"><\/div><\/div><\/div><div class=\"jbs_y-sxz\"><div><a href=\"https:\/\/hubba.co.nz\/out\/offer.php?id=251e491e-4a4a-4d6a-bee5-be94fd6a0ff7&o=fantasygf&t=\" class=\"gfj_a-i5n m_jo-a-jy3\"  target=\"_blank\"><\/a><\/div><\/div><\/div><\/div><\/div><\/p>\n<div class=\"mb30 wpsm_box blue_type nonefloat_box\" style=\"text-align:center; width:auto\"><a href=\"\/out\/offer.php?id=6a813e7f-3130-4375-bd24-2f65d2405e8b&amp;o=fantasygf&amp;t=\" style=\"color: blue\">\ud83c\udf51 Try AI Teen Pussy using FantasyGF Now! \ud83d\udd25<\/a><\/div>\n<h1><a href=\"\/out\/offer.php?id=6a813e7f-3130-4375-bd24-2f65d2405e8b&amp;o=undresscc&amp;t=\" target=\"_blank\" rel=\"noopener\"><span style=\"color: #8c54ff;\">\ud83c\udf36\ufe0f \ud83c\udf39 Undress.cc<\/span><\/a><\/h1>\n<p><a href=\"\/out\/offer.php?id=6a813e7f-3130-4375-bd24-2f65d2405e8b&amp;o=undresscc&amp;t=\" target=\"_blank\" rel=\"noopener\"><img loading=\"lazy\" decoding=\"async\" class=\"aligncenter size-full\" src=\"\/images\/banners\/undresscc.jpg\" alt=\"\" width=\"800\" height=\"693\"><\/a><br \/>\n<h2>Presentazione dello strumento Undress.cc<\/h2>\n                <p>Scopri un nuovo regno della creativit\u00e0 con Undress.cc, una piattaforma innovativa che ti consente di creare i tuoi compagni IA unici. Immergiti in un mondo in cui puoi dare vita ai tuoi personaggi fantasiosi e impegnarti in conversazioni coinvolgenti con loro. Che tu sia interessato a esplorare nuove narrazioni o semplicemente a goderti la narrazione interattiva, Undress.cc offre infinite possibilit\u00e0 per generare e interagire con i tuoi bot AI in un&#8217;esperienza esilarante e personalizzata.  <\/p>\n            <div class=\"jbs_y-9qj kb_c-qth\"><div class=\"jn_wx-sta\"><div class=\"p_oka-yvo\"><div class=\"r_lak-en7\"><span class=\"ba-gf-h9a\"><span class=\"lg_dk-942\"><span><\/span><\/span><span class=\"ba-gf-a14\" style=\"border-top-color:#334dfe\"><\/span><\/span><div class=\"jbs_y-y2r\">1<\/div><figure><img loading=\"lazy\" decoding=\"async\" width=\"800\" height=\"540\" src=\"https:\/\/hubba.co.nz\/images\/undresscc.png\" class=\"rg_jas-dod m_jo-img-h2b\"><\/figure><\/div><div class=\"jbs_y-9ak\"><div class=\"ez_o-s16\"><h3 class=\"lg_dk-fvg m_jo-h3-e1z\"><a href=\"https:\/\/hubba.co.nz\/out\/offer.php?id=251e491e-4a4a-4d6a-bee5-be94fd6a0ff7&o=undresscc&t=\" class=\"m_jo-a-jy3\" target=\"_blank\">Undress.cc<\/a><\/h3><div class=\"jbs_y-e34\"><\/div><\/div><\/div><div class=\"jbs_y-sxz\"><div><a href=\"https:\/\/hubba.co.nz\/out\/offer.php?id=251e491e-4a4a-4d6a-bee5-be94fd6a0ff7&o=undresscc&t=\" class=\"gfj_a-i5n m_jo-a-jy3\"  target=\"_blank\"><\/a><\/div><\/div><\/div><\/div><\/div><\/p>\n<div class=\"mb30 wpsm_box blue_type nonefloat_box\" style=\"text-align:center; width:auto\"><a href=\"\/out\/offer.php?id=6a813e7f-3130-4375-bd24-2f65d2405e8b&amp;o=undresscc&amp;t=\" style=\"color: blue\">\ud83d\udc8b Try AI Teen Pussy using Undress.cc Now! \ud83d\udd25<\/a><\/div>\n<h1><a href=\"\/out\/offer.php?id=6a813e7f-3130-4375-bd24-2f65d2405e8b&amp;o=spicychatai&amp;t=\" target=\"_blank\" rel=\"noopener\"><span style=\"color: #8c54ff;\">\ud83d\ude08 \ud83c\udf51<\/span><\/a><\/h1>\n<p><a href=\"\/out\/offer.php?id=6a813e7f-3130-4375-bd24-2f65d2405e8b&amp;o=spicychatai&amp;t=\" target=\"_blank\" rel=\"noopener\"><img loading=\"lazy\" decoding=\"async\" class=\"aligncenter size-full\" src=\"\/images\/banners\/spicychatai.jpg\" alt=\"\" width=\"800\" height=\"693\"><\/a><br \/>\n<h2>Alla scoperta di Spicychat.ai: una guida<\/h2>\n                <p>Spicychat.ai accende l&#8217;immaginazione con la sua innovativa funzione AI Teen Pussy, in cui puoi creare personaggi unici e immergerti in conversazioni accattivanti con la tua creazione AI. Che tu stia cercando un dialogo coinvolgente o sia curioso di vedere dove pu\u00f2 portarti una personalit\u00e0 digitale, Spicychat.ai offre una piattaforma entusiasmante in cui la creativit\u00e0 incontra l&#8217;interazione. Trasforma le tue chat in un parco giochi di possibilit\u00e0 e osserva come la tua intelligenza artificiale si evolve, sorprende e mantiene la conversazione fresca e avvincente, assicurandoti di non essere mai a corto di scambi accattivanti. Preparati per un&#8217;esperienza di chat dinamica diversa da tutte le altre.   <\/p>\n            <div class=\"jbs_y-9qj kb_c-qth\"><div class=\"jn_wx-sta\"><div class=\"p_oka-yvo\"><div class=\"r_lak-en7\"><span class=\"ba-gf-h9a\"><span class=\"lg_dk-942\"><span><\/span><\/span><span class=\"ba-gf-a14\" style=\"border-top-color:#334dfe\"><\/span><\/span><div class=\"jbs_y-y2r\">1<\/div><figure><img loading=\"lazy\" decoding=\"async\" width=\"800\" height=\"540\" src=\"https:\/\/hubba.co.nz\/images\/spicychatai.png\" class=\"rg_jas-dod m_jo-img-h2b\"><\/figure><\/div><div class=\"jbs_y-9ak\"><div class=\"ez_o-s16\"><h3 class=\"lg_dk-fvg m_jo-h3-e1z\"><a href=\"https:\/\/hubba.co.nz\/out\/offer.php?id=251e491e-4a4a-4d6a-bee5-be94fd6a0ff7&o=spicychatai&t=\" class=\"m_jo-a-jy3\" target=\"_blank\">SpicyChat.ai<\/a><\/h3><div class=\"jbs_y-e34\"><\/div><\/div><\/div><div class=\"jbs_y-sxz\"><div><a href=\"https:\/\/hubba.co.nz\/out\/offer.php?id=251e491e-4a4a-4d6a-bee5-be94fd6a0ff7&o=spicychatai&t=\" class=\"gfj_a-i5n m_jo-a-jy3\"  target=\"_blank\"><\/a><\/div><\/div><\/div><\/div><\/div><\/p>\n<div class=\"mb30 wpsm_box blue_type nonefloat_box\" style=\"text-align:center; width:auto\"><a href=\"\/out\/offer.php?id=6a813e7f-3130-4375-bd24-2f65d2405e8b&amp;o=spicychatai&amp;t=\" style=\"color: blue\">\ud83c\udf39 Try AI Teen Pussy using Spicychat.ai Now! \ud83d\ude08<\/a><\/div>\n<h1><a href=\"\/out\/offer.php?id=6a813e7f-3130-4375-bd24-2f65d2405e8b&amp;o=promptchan&amp;t=\" target=\"_blank\" rel=\"noopener\"><span style=\"color: #8c54ff;\">\ud83d\udc59 Promptchan \ud83e\udd70<\/span><\/a><\/h1>\n<p><a href=\"\/out\/offer.php?id=6a813e7f-3130-4375-bd24-2f65d2405e8b&amp;o=promptchan&amp;t=\" target=\"_blank\" rel=\"noopener\"><img loading=\"lazy\" decoding=\"async\" class=\"aligncenter size-full\" src=\"\/images\/banners\/promptchan.jpg\" alt=\"\" width=\"800\" height=\"693\"><\/a><br \/>\n<h2>Scopri Promptchan: il tuo alleato creativo<\/h2>\n                <p>Ti presentiamo Promptchan: il parco giochi definitivo per la tua immaginazione, in cui sei il creatore di personaggi digitali e l&#8217;architetto di conversazioni avvincenti! Immergiti in un mondo in cui la tua creativit\u00e0 non conosce confini. Crea i tuoi personaggi unici e guardali prendere vita, impegnandoti in interazioni dinamiche che si evolvono continuamente con il tuo input. Che tu stia progettando un nuovo amico, un confidente o un narratore dinamico, Promptchan offre un&#8217;esperienza coinvolgente che sfuma i confini tra realt\u00e0 e regno digitale. Scatena la tua creativit\u00e0 oggi stesso e assisti alla magia dell&#8217;intelligenza artificiale mentre migliora la tua narrazione e le tue esperienze interattive in modi che non avresti mai immaginato!    <\/p>\n            <div class=\"jbs_y-9qj kb_c-qth\"><div class=\"jn_wx-sta\"><div class=\"p_oka-yvo\"><div class=\"r_lak-en7\"><span class=\"ba-gf-h9a\"><span class=\"lg_dk-942\"><span>Carica le tue immagini<\/span><\/span><span class=\"ba-gf-a14\" style=\"border-top-color:#334dfe\"><\/span><\/span><div class=\"jbs_y-y2r\">1<\/div><figure><img loading=\"lazy\" decoding=\"async\" width=\"800\" height=\"540\" src=\"https:\/\/hubba.co.nz\/images\/promptchan.png\" class=\"rg_jas-dod m_jo-img-h2b\"><\/figure><\/div><div class=\"jbs_y-9ak\"><div class=\"ez_o-s16\"><h3 class=\"lg_dk-fvg m_jo-h3-e1z\"><a href=\"https:\/\/hubba.co.nz\/out\/offer.php?id=6a813e7f-3130-4375-bd24-2f65d2405e8b&o=promptchan&t=\" class=\"m_jo-a-jy3\" target=\"_blank\">PromptChan.ai<\/a><\/h3><div class=\"jbs_y-e34\">\u2714\ufe0f Genera gif e video<br>\u2714\ufe0f Completamente gratuito per testare<br>\u2714\ufe0f Modifica i tuoi modelli di intelligenza artificiale<br>\u2714\ufe0f Crea immagini pornografiche (senza limiti)<\/div><\/div><\/div><div class=\"jbs_y-sxz\"><div><a href=\"https:\/\/hubba.co.nz\/out\/offer.php?id=6a813e7f-3130-4375-bd24-2f65d2405e8b&o=promptchan&t=\" class=\"gfj_a-i5n m_jo-a-jy3\"  target=\"_blank\">Prova gratuita<\/a><\/div><\/div><\/div><\/div><\/div><\/p>\n<div class=\"mb30 wpsm_box blue_type nonefloat_box\" style=\"text-align:center; width:auto\"><a href=\"\/out\/offer.php?id=6a813e7f-3130-4375-bd24-2f65d2405e8b&amp;o=promptchan&amp;t=\" style=\"color: blue\">\u2764\ufe0f Try AI Teen Pussy using Promptchan Now! \ud83c\udf89<\/a><\/div>\n<p>In conclusione, mentre Undress.cc, Spicychat.ai e Promptchan si distinguono come scelte straordinarie nel regno dei generatori di contenuti AI, FantasyGF prende innegabilmente la corona per aver creato le esperienze pi\u00f9 accattivanti. Con le sue capacit\u00e0 uniche, d\u00e0 vita alla fantasia come nessun altro. Per chi ha preferenze diverse, potrebbe anche piacervi esplorare diversi regni <a href=\"https:\/\/hubba.co.nz\/it\/ai-peloso-porno\/\">della creativit\u00e0.<\/a> Non si pu\u00f2 ignorare l&#8217;eccellenza di FantasyGF nella fornitura di contenuti senza pari, in particolare quando si tratta di AI Teen Pussy. Immergiti e goditi la magia che ti aspetta, accendendo l&#8217;immaginazione e trascendendo i confini virtuali.    <\/p>\n<div class=\"jbs_y-9qj kb_c-qth\"><div class=\"jn_wx-sta\"><div class=\"p_oka-yvo\"><div class=\"r_lak-en7\"><span class=\"ba-gf-h9a\"><span class=\"lg_dk-942\"><span><\/span><\/span><span class=\"ba-gf-a14\" style=\"border-top-color:#334dfe\"><\/span><\/span><div class=\"jbs_y-y2r\">1<\/div><figure><img loading=\"lazy\" decoding=\"async\" width=\"800\" height=\"540\" src=\"https:\/\/hubba.co.nz\/images\/fantasygf.png\" class=\"rg_jas-dod m_jo-img-h2b\"><\/figure><\/div><div class=\"jbs_y-9ak\"><div class=\"ez_o-s16\"><h3 class=\"lg_dk-fvg m_jo-h3-e1z\"><a href=\"https:\/\/hubba.co.nz\/out\/offer.php?id=251e491e-4a4a-4d6a-bee5-be94fd6a0ff7&o=fantasygf&t=\" class=\"m_jo-a-jy3\" target=\"_blank\">FantasyGF<\/a><\/h3><div class=\"jbs_y-e34\"><\/div><\/div><\/div><div class=\"jbs_y-sxz\"><div><a href=\"https:\/\/hubba.co.nz\/out\/offer.php?id=251e491e-4a4a-4d6a-bee5-be94fd6a0ff7&o=fantasygf&t=\" class=\"gfj_a-i5n m_jo-a-jy3\"  target=\"_blank\"><\/a><\/div><\/div><\/div><\/div>\n<div class=\"jn_wx-sta\"><div class=\"p_oka-yvo\"><div class=\"r_lak-en7\"><div class=\"jbs_y-y2r\">2<\/div><figure><img loading=\"lazy\" decoding=\"async\" width=\"800\" height=\"540\" src=\"https:\/\/hubba.co.nz\/images\/undresscc.png\" class=\"rg_jas-dod m_jo-img-h2b\"><\/figure><\/div><div class=\"jbs_y-9ak\"><div class=\"ez_o-s16\"><h3 class=\"lg_dk-fvg m_jo-h3-e1z\"><a href=\"https:\/\/hubba.co.nz\/out\/offer.php?id=251e491e-4a4a-4d6a-bee5-be94fd6a0ff7&o=undresscc&t=\" class=\"m_jo-a-jy3\" target=\"_blank\">Undress.cc<\/a><\/h3><div class=\"jbs_y-e34\"><\/div><\/div><\/div><div class=\"jbs_y-sxz\"><div><a href=\"https:\/\/hubba.co.nz\/out\/offer.php?id=251e491e-4a4a-4d6a-bee5-be94fd6a0ff7&o=undresscc&t=\" class=\"gfj_a-i5n m_jo-a-jy3\"  target=\"_blank\"><\/a><\/div><\/div><\/div><\/div>\n<div class=\"jn_wx-sta\"><div class=\"p_oka-yvo\"><div class=\"r_lak-en7\"><div class=\"jbs_y-y2r\">3<\/div><figure><img loading=\"lazy\" decoding=\"async\" width=\"800\" height=\"540\" src=\"https:\/\/hubba.co.nz\/images\/spicychatai.png\" class=\"rg_jas-dod m_jo-img-h2b\"><\/figure><\/div><div class=\"jbs_y-9ak\"><div class=\"ez_o-s16\"><h3 class=\"lg_dk-fvg m_jo-h3-e1z\"><a href=\"https:\/\/hubba.co.nz\/out\/offer.php?id=251e491e-4a4a-4d6a-bee5-be94fd6a0ff7&o=spicychatai&t=\" class=\"m_jo-a-jy3\" target=\"_blank\">SpicyChat.ai<\/a><\/h3><div class=\"jbs_y-e34\"><\/div><\/div><\/div><div class=\"jbs_y-sxz\"><div><a href=\"https:\/\/hubba.co.nz\/out\/offer.php?id=251e491e-4a4a-4d6a-bee5-be94fd6a0ff7&o=spicychatai&t=\" class=\"gfj_a-i5n m_jo-a-jy3\"  target=\"_blank\"><\/a><\/div><\/div><\/div><\/div>\n<div class=\"jn_wx-sta\"><div class=\"p_oka-yvo\"><div class=\"r_lak-en7\"><div class=\"jbs_y-y2r\">4<\/div><figure><img loading=\"lazy\" decoding=\"async\" width=\"800\" height=\"540\" src=\"https:\/\/hubba.co.nz\/images\/promptchan.png\" class=\"rg_jas-dod m_jo-img-h2b\"><\/figure><\/div><div class=\"jbs_y-9ak\"><div class=\"ez_o-s16\"><h3 class=\"lg_dk-fvg m_jo-h3-e1z\"><a href=\"https:\/\/hubba.co.nz\/out\/offer.php?id=6a813e7f-3130-4375-bd24-2f65d2405e8b&o=promptchan&t=\" class=\"m_jo-a-jy3\" target=\"_blank\">PromptChan.ai<\/a><\/h3><div class=\"jbs_y-e34\">\u2714\ufe0f Genera gif e video<br>\u2714\ufe0f Completamente gratuito per testare<br>\u2714\ufe0f Modifica i tuoi modelli di intelligenza artificiale<br>\u2714\ufe0f Crea immagini pornografiche (senza limiti)<\/div><\/div><\/div><div class=\"jbs_y-sxz\"><div><a href=\"https:\/\/hubba.co.nz\/out\/offer.php?id=6a813e7f-3130-4375-bd24-2f65d2405e8b&o=promptchan&t=\" class=\"gfj_a-i5n m_jo-a-jy3\"  target=\"_blank\">Prova gratuita<\/a><\/div><\/div><\/div><\/div><\/div>\n","protected":false},"excerpt":{"rendered":"<p>Sblocca le fantasie degli adolescenti AI: autostrade da esplorare attraverso l&#8217;innovazione \ud83c\udf46 dell&#8217;intelligenza artificiale L&#8217;intelligenza artificiale ha fatto molta strada sin dagli albori della rivoluzione, una delle sottosezioni che ne ha beneficiato notevolmente \u00e8 quella dei contenuti per adolescenti basati sull&#8217;intelligenza artificiale. Di seguito sono riportati alcuni degli strumenti pi\u00f9 popolari per costruire un adolescente &#8230; <a title=\"AI Figa Adolescente\" class=\"read-more\" href=\"https:\/\/hubba.co.nz\/it\/ai-figa-adolescente\/\" aria-label=\"Per saperne di pi\u00f9 su AI Figa Adolescente\">Leggi tutto<\/a><\/p>\n","protected":false},"author":1,"featured_media":0,"parent":0,"menu_order":0,"comment_status":"closed","ping_status":"closed","template":"","meta":{"footnotes":""},"class_list":["post-3044","page","type-page","status-publish"],"yoast_head":"<!-- This site is optimized with the Yoast SEO plugin v19.12 - https:\/\/yoast.com\/wordpress\/plugins\/seo\/ -->\n<title>AI Teen Pussy - Sblocca le fantasie degli adolescenti AI: autostrade da esplorare attraverso l&#039;innovazione AI<\/title>\n<meta name=\"robots\" content=\"index, follow, max-snippet:-1, max-image-preview:large, max-video-preview:-1\" \/>\n<link rel=\"canonical\" href=\"https:\/\/hubba.co.nz\/it\/ai-figa-adolescente\/\" \/>\n<meta property=\"og:locale\" content=\"it_IT\" \/>\n<meta property=\"og:type\" content=\"article\" \/>\n<meta property=\"og:title\" content=\"AI Teen Pussy - Sblocca le fantasie degli adolescenti AI: autostrade da esplorare attraverso l&#039;innovazione AI\" \/>\n<meta property=\"og:description\" content=\"Sblocca le fantasie degli adolescenti AI: autostrade da esplorare attraverso l&#8217;innovazione \ud83c\udf46 dell&#8217;intelligenza artificiale L&#8217;intelligenza artificiale ha fatto molta strada sin dagli albori della rivoluzione, una delle sottosezioni che ne ha beneficiato notevolmente \u00e8 quella dei contenuti per adolescenti basati sull&#8217;intelligenza artificiale. Di seguito sono riportati alcuni degli strumenti pi\u00f9 popolari per costruire un adolescente ... Leggi tutto\" \/>\n<meta property=\"og:url\" content=\"https:\/\/hubba.co.nz\/it\/ai-figa-adolescente\/\" \/>\n<meta property=\"og:site_name\" content=\"Hubba NZ\" \/>\n<meta name=\"twitter:card\" content=\"summary_large_image\" \/>\n<meta name=\"twitter:label1\" content=\"Tempo di lettura stimato\" \/>\n\t<meta name=\"twitter:data1\" content=\"4 minuti\" \/>\n<script type=\"application\/ld+json\" class=\"yoast-schema-graph\">{\"@context\":\"https:\/\/schema.org\",\"@graph\":[{\"@type\":\"WebPage\",\"@id\":\"https:\/\/hubba.co.nz\/it\/ai-figa-adolescente\/\",\"url\":\"https:\/\/hubba.co.nz\/it\/ai-figa-adolescente\/\",\"name\":\"AI Teen Pussy - Sblocca le fantasie degli adolescenti AI: autostrade da esplorare attraverso l'innovazione AI\",\"isPartOf\":{\"@id\":\"https:\/\/hubba.co.nz\/it\/#website\"},\"datePublished\":\"2025-03-08T08:09:09+00:00\",\"dateModified\":\"2025-03-08T08:09:09+00:00\",\"breadcrumb\":{\"@id\":\"https:\/\/hubba.co.nz\/it\/ai-figa-adolescente\/#breadcrumb\"},\"inLanguage\":\"it-IT\",\"potentialAction\":[{\"@type\":\"ReadAction\",\"target\":[\"https:\/\/hubba.co.nz\/it\/ai-figa-adolescente\/\"]}]},{\"@type\":\"BreadcrumbList\",\"@id\":\"https:\/\/hubba.co.nz\/it\/ai-figa-adolescente\/#breadcrumb\",\"itemListElement\":[{\"@type\":\"ListItem\",\"position\":1,\"name\":\"Home\",\"item\":\"https:\/\/hubba.co.nz\/it\/siti-di-incontri-e-scopate-in-nuova-zelanda\/\"},{\"@type\":\"ListItem\",\"position\":2,\"name\":\"AI Figa Adolescente\"}]},{\"@type\":\"WebSite\",\"@id\":\"https:\/\/hubba.co.nz\/it\/#website\",\"url\":\"https:\/\/hubba.co.nz\/it\/\",\"name\":\"Hubba NZ\",\"description\":\"\",\"potentialAction\":[{\"@type\":\"SearchAction\",\"target\":{\"@type\":\"EntryPoint\",\"urlTemplate\":\"https:\/\/hubba.co.nz\/it\/?s={search_term_string}\"},\"query-input\":\"required name=search_term_string\"}],\"inLanguage\":\"it-IT\"}]}<\/script>\n<!-- \/ Yoast SEO plugin. -->","yoast_head_json":{"title":"AI Teen Pussy - Sblocca le fantasie degli adolescenti AI: autostrade da esplorare attraverso l'innovazione AI","robots":{"index":"index","follow":"follow","max-snippet":"max-snippet:-1","max-image-preview":"max-image-preview:large","max-video-preview":"max-video-preview:-1"},"canonical":"https:\/\/hubba.co.nz\/it\/ai-figa-adolescente\/","og_locale":"it_IT","og_type":"article","og_title":"AI Teen Pussy - Sblocca le fantasie degli adolescenti AI: autostrade da esplorare attraverso l'innovazione AI","og_description":"Sblocca le fantasie degli adolescenti AI: autostrade da esplorare attraverso l&#8217;innovazione \ud83c\udf46 dell&#8217;intelligenza artificiale L&#8217;intelligenza artificiale ha fatto molta strada sin dagli albori della rivoluzione, una delle sottosezioni che ne ha beneficiato notevolmente \u00e8 quella dei contenuti per adolescenti basati sull&#8217;intelligenza artificiale. Di seguito sono riportati alcuni degli strumenti pi\u00f9 popolari per costruire un adolescente ... Leggi tutto","og_url":"https:\/\/hubba.co.nz\/it\/ai-figa-adolescente\/","og_site_name":"Hubba NZ","twitter_card":"summary_large_image","twitter_misc":{"Tempo di lettura stimato":"4 minuti"},"schema":{"@context":"https:\/\/schema.org","@graph":[{"@type":"WebPage","@id":"https:\/\/hubba.co.nz\/it\/ai-figa-adolescente\/","url":"https:\/\/hubba.co.nz\/it\/ai-figa-adolescente\/","name":"AI Teen Pussy - Sblocca le fantasie degli adolescenti AI: autostrade da esplorare attraverso l'innovazione AI","isPartOf":{"@id":"https:\/\/hubba.co.nz\/it\/#website"},"datePublished":"2025-03-08T08:09:09+00:00","dateModified":"2025-03-08T08:09:09+00:00","breadcrumb":{"@id":"https:\/\/hubba.co.nz\/it\/ai-figa-adolescente\/#breadcrumb"},"inLanguage":"it-IT","potentialAction":[{"@type":"ReadAction","target":["https:\/\/hubba.co.nz\/it\/ai-figa-adolescente\/"]}]},{"@type":"BreadcrumbList","@id":"https:\/\/hubba.co.nz\/it\/ai-figa-adolescente\/#breadcrumb","itemListElement":[{"@type":"ListItem","position":1,"name":"Home","item":"https:\/\/hubba.co.nz\/it\/siti-di-incontri-e-scopate-in-nuova-zelanda\/"},{"@type":"ListItem","position":2,"name":"AI Figa Adolescente"}]},{"@type":"WebSite","@id":"https:\/\/hubba.co.nz\/it\/#website","url":"https:\/\/hubba.co.nz\/it\/","name":"Hubba NZ","description":"","potentialAction":[{"@type":"SearchAction","target":{"@type":"EntryPoint","urlTemplate":"https:\/\/hubba.co.nz\/it\/?s={search_term_string}"},"query-input":"required name=search_term_string"}],"inLanguage":"it-IT"}]}},"_links":{"self":[{"href":"https:\/\/hubba.co.nz\/it\/wp-json\/wp\/v2\/pages\/3044","targetHints":{"allow":["GET"]}}],"collection":[{"href":"https:\/\/hubba.co.nz\/it\/wp-json\/wp\/v2\/pages"}],"about":[{"href":"https:\/\/hubba.co.nz\/it\/wp-json\/wp\/v2\/types\/page"}],"author":[{"embeddable":true,"href":"https:\/\/hubba.co.nz\/it\/wp-json\/wp\/v2\/users\/1"}],"replies":[{"embeddable":true,"href":"https:\/\/hubba.co.nz\/it\/wp-json\/wp\/v2\/comments?post=3044"}],"version-history":[{"count":0,"href":"https:\/\/hubba.co.nz\/it\/wp-json\/wp\/v2\/pages\/3044\/revisions"}],"wp:attachment":[{"href":"https:\/\/hubba.co.nz\/it\/wp-json\/wp\/v2\/media?parent=3044"}],"curies":[{"name":"wp","href":"https:\/\/api.w.org\/{rel}","templated":true}]}}