{"id":3011,"date":"2025-03-08T08:09:09","date_gmt":"2025-03-08T08:09:09","guid":{"rendered":"https:\/\/hubba.co.nz\/ai-tenaring-fitte\/"},"modified":"2025-03-08T08:09:09","modified_gmt":"2025-03-08T08:09:09","slug":"ai-tenaring-fitte","status":"publish","type":"page","link":"https:\/\/hubba.co.nz\/no\/ai-tenaring-fitte\/","title":{"rendered":"AI Ten\u00e5ring Fitte"},"content":{"rendered":"\r\n    <div class=\"conteiner-tq6\">\r\n        <div class=\"conteiner-hh9\"><img decoding=\"async\" src=\"https:\/\/public-use.b-cdn.net\/ai\/webp\/blonde.webp?width=321&height=431\" class=\"image-i1a\"><\/div>\r\n        <div class=\"block-rfj\">\r\n            <div class=\"content-8to\">\r\n                <h1 class=\"hea-456\"><span class=\"text-ode\">Chat With Blonde Girls<\/span> on Candy.ai<\/h1>\r\n                <div class=\"block-bmg\">Make her exactly how you fantasize - no limits!<\/div>\r\n                <a href=\"\/out\/offer.php?id=6a813e7f-3130-4375-bd24-2f65d2405e8b&o=candyai&t=blonde\" class=\"button-lfn block-te9\" target=\"_blank\">\r\n                    <div class=\"button-g6v\">Create Your AI Character<\/div>\r\n                <\/a>\r\n            <\/div>\r\n        <\/div>\r\n    <\/div>\n<h1><span style=\"color: #8c54ff;\">L\u00e5s opp AI-ten\u00e5ringsfantasier: Motorveier \u00e5 utforske gjennom AI-innovasjon \ud83c\udf46<\/span><\/h1>\n<p>AI har kommet langt siden begynnelsen av revolusjonen, en av underseksjonene som har hatt stor nytte er AI-ten\u00e5ringsinnhold. F\u00f8lgende er noen av de mest popul\u00e6re verkt\u00f8yene for \u00e5 bygge en hot ten\u00e5ring! <\/p>\n<div class=\"jbs_y-9qj kb_c-qth\"><div class=\"jn_wx-sta\"><div class=\"p_oka-yvo\"><div class=\"r_lak-en7\"><span class=\"ba-gf-h9a\"><span class=\"lg_dk-942\"><span><\/span><\/span><span class=\"ba-gf-a14\" style=\"border-top-color:#334dfe\"><\/span><\/span><div class=\"jbs_y-y2r\">1<\/div><figure><img loading=\"lazy\" decoding=\"async\" width=\"800\" height=\"540\" src=\"https:\/\/hubba.co.nz\/images\/fantasygf.png\" class=\"rg_jas-dod m_jo-img-h2b\"><\/figure><\/div><div class=\"jbs_y-9ak\"><div class=\"ez_o-s16\"><h3 class=\"lg_dk-fvg m_jo-h3-e1z\"><a href=\"https:\/\/hubba.co.nz\/out\/offer.php?id=251e491e-4a4a-4d6a-bee5-be94fd6a0ff7&o=fantasygf&t=\" class=\"m_jo-a-jy3\" target=\"_blank\">FantasyGF<\/a><\/h3><div class=\"jbs_y-e34\"><\/div><\/div><\/div><div class=\"jbs_y-sxz\"><div><a href=\"https:\/\/hubba.co.nz\/out\/offer.php?id=251e491e-4a4a-4d6a-bee5-be94fd6a0ff7&o=fantasygf&t=\" class=\"gfj_a-i5n m_jo-a-jy3\"  target=\"_blank\"><\/a><\/div><\/div><\/div><\/div>\n<div class=\"jn_wx-sta\"><div class=\"p_oka-yvo\"><div class=\"r_lak-en7\"><div class=\"jbs_y-y2r\">2<\/div><figure><img loading=\"lazy\" decoding=\"async\" width=\"800\" height=\"540\" src=\"https:\/\/hubba.co.nz\/images\/undresscc.png\" class=\"rg_jas-dod m_jo-img-h2b\"><\/figure><\/div><div class=\"jbs_y-9ak\"><div class=\"ez_o-s16\"><h3 class=\"lg_dk-fvg m_jo-h3-e1z\"><a href=\"https:\/\/hubba.co.nz\/out\/offer.php?id=251e491e-4a4a-4d6a-bee5-be94fd6a0ff7&o=undresscc&t=\" class=\"m_jo-a-jy3\" target=\"_blank\">Undress.cc<\/a><\/h3><div class=\"jbs_y-e34\"><\/div><\/div><\/div><div class=\"jbs_y-sxz\"><div><a href=\"https:\/\/hubba.co.nz\/out\/offer.php?id=251e491e-4a4a-4d6a-bee5-be94fd6a0ff7&o=undresscc&t=\" class=\"gfj_a-i5n m_jo-a-jy3\"  target=\"_blank\"><\/a><\/div><\/div><\/div><\/div>\n<div class=\"jn_wx-sta\"><div class=\"p_oka-yvo\"><div class=\"r_lak-en7\"><div class=\"jbs_y-y2r\">3<\/div><figure><img loading=\"lazy\" decoding=\"async\" width=\"800\" height=\"540\" src=\"https:\/\/hubba.co.nz\/images\/spicychatai.png\" class=\"rg_jas-dod m_jo-img-h2b\"><\/figure><\/div><div class=\"jbs_y-9ak\"><div class=\"ez_o-s16\"><h3 class=\"lg_dk-fvg m_jo-h3-e1z\"><a href=\"https:\/\/hubba.co.nz\/out\/offer.php?id=251e491e-4a4a-4d6a-bee5-be94fd6a0ff7&o=spicychatai&t=\" class=\"m_jo-a-jy3\" target=\"_blank\">SpicyChat.ai<\/a><\/h3><div class=\"jbs_y-e34\"><\/div><\/div><\/div><div class=\"jbs_y-sxz\"><div><a href=\"https:\/\/hubba.co.nz\/out\/offer.php?id=251e491e-4a4a-4d6a-bee5-be94fd6a0ff7&o=spicychatai&t=\" class=\"gfj_a-i5n m_jo-a-jy3\"  target=\"_blank\"><\/a><\/div><\/div><\/div><\/div>\n<div class=\"jn_wx-sta\"><div class=\"p_oka-yvo\"><div class=\"r_lak-en7\"><div class=\"jbs_y-y2r\">4<\/div><figure><img loading=\"lazy\" decoding=\"async\" width=\"800\" height=\"540\" src=\"https:\/\/hubba.co.nz\/images\/promptchan.png\" class=\"rg_jas-dod m_jo-img-h2b\"><\/figure><\/div><div class=\"jbs_y-9ak\"><div class=\"ez_o-s16\"><h3 class=\"lg_dk-fvg m_jo-h3-e1z\"><a href=\"https:\/\/hubba.co.nz\/out\/offer.php?id=6a813e7f-3130-4375-bd24-2f65d2405e8b&o=promptchan&t=\" class=\"m_jo-a-jy3\" target=\"_blank\">PromptChan.ai<\/a><\/h3><div class=\"jbs_y-e34\">\u2714\ufe0f Generer gifs og videoer<br>\u2714\ufe0f Helt gratis \u00e5 teste<br>\u2714\ufe0f Rediger dine ai-modeller<br>\u2714\ufe0f Lag pornografiske bilder (ingen begrensning)<\/div><\/div><\/div><div class=\"jbs_y-sxz\"><div><a href=\"https:\/\/hubba.co.nz\/out\/offer.php?id=6a813e7f-3130-4375-bd24-2f65d2405e8b&o=promptchan&t=\" class=\"gfj_a-i5n m_jo-a-jy3\"  target=\"_blank\">Gratis pr\u00f8veperiode<\/a><\/div><\/div><\/div><\/div><\/div>\n<h1><a href=\"\/out\/offer.php?id=6a813e7f-3130-4375-bd24-2f65d2405e8b&amp;o=fantasygf&amp;t=\" target=\"_blank\" rel=\"noopener\"><span style=\"color: #8c54ff;\">\ud83d\ude08 FantasyGF \ud83d\ude0d<\/span><\/a><\/h1>\n<p><a href=\"\/out\/offer.php?id=6a813e7f-3130-4375-bd24-2f65d2405e8b&amp;o=fantasygf&amp;t=\" target=\"_blank\" rel=\"noopener\"><img loading=\"lazy\" decoding=\"async\" class=\"aligncenter size-full\" src=\"\/images\/banners\/fantasygf.jpg\" alt=\"\" width=\"800\" height=\"693\"><\/a><br \/>\n<h2>Oppdag magien til FantasyGF<\/h2>\n                <p>Dykk inn i en verden av fantasi og sensualitet med FantasyGF, hvor dine \u00f8nsker tar rampelyset. Opplev spenningen ved \u00e5 lage dine egne unike AI-karakterer som er laget for \u00e5 im\u00f8tekomme alle dine innfall. Enten du leter etter en fristende samtale med en virtuell f\u00f8lgesvenn eller \u00f8nsker \u00e5 bringe dr\u00f8mmene dine ut i livet, gir FantasyGF deg mulighet til \u00e5 designe den perfekte partneren. Utforsk et univers fylt med ubegrensede muligheter og nyt uendelige muligheter for virtuelt engasjement. For de som er betatt av mangfoldig skj\u00f8nnhet, kan det v\u00e6re lurt \u00e5 sjekke ut flere alternativer gjennom funksjonen v\u00e5r <a href=\"https:\/\/hubba.co.nz\/no\/svart-jente-ai-porno\/\">her<\/a>. Slipp fantasiene dine l\u00f8s og g\u00e5 inn i en verden der fantasien din ikke kjenner noen grenser.     <\/p>\n            <div class=\"jbs_y-9qj kb_c-qth\"><div class=\"jn_wx-sta\"><div class=\"p_oka-yvo\"><div class=\"r_lak-en7\"><span class=\"ba-gf-h9a\"><span class=\"lg_dk-942\"><span><\/span><\/span><span class=\"ba-gf-a14\" style=\"border-top-color:#334dfe\"><\/span><\/span><div class=\"jbs_y-y2r\">1<\/div><figure><img loading=\"lazy\" decoding=\"async\" width=\"800\" height=\"540\" src=\"https:\/\/hubba.co.nz\/images\/fantasygf.png\" class=\"rg_jas-dod m_jo-img-h2b\"><\/figure><\/div><div class=\"jbs_y-9ak\"><div class=\"ez_o-s16\"><h3 class=\"lg_dk-fvg m_jo-h3-e1z\"><a href=\"https:\/\/hubba.co.nz\/out\/offer.php?id=251e491e-4a4a-4d6a-bee5-be94fd6a0ff7&o=fantasygf&t=\" class=\"m_jo-a-jy3\" target=\"_blank\">FantasyGF<\/a><\/h3><div class=\"jbs_y-e34\"><\/div><\/div><\/div><div class=\"jbs_y-sxz\"><div><a href=\"https:\/\/hubba.co.nz\/out\/offer.php?id=251e491e-4a4a-4d6a-bee5-be94fd6a0ff7&o=fantasygf&t=\" class=\"gfj_a-i5n m_jo-a-jy3\"  target=\"_blank\"><\/a><\/div><\/div><\/div><\/div><\/div><\/p>\n<div class=\"mb30 wpsm_box blue_type nonefloat_box\" style=\"text-align:center; width:auto\"><a href=\"\/out\/offer.php?id=6a813e7f-3130-4375-bd24-2f65d2405e8b&amp;o=fantasygf&amp;t=\" style=\"color: blue\">\ud83c\udf51 Try AI Teen Pussy using FantasyGF Now! \ud83d\udd25<\/a><\/div>\n<h1><a href=\"\/out\/offer.php?id=6a813e7f-3130-4375-bd24-2f65d2405e8b&amp;o=undresscc&amp;t=\" target=\"_blank\" rel=\"noopener\"><span style=\"color: #8c54ff;\">\ud83c\udf36\ufe0f Undress.cc \ud83c\udf39<\/span><\/a><\/h1>\n<p><a href=\"\/out\/offer.php?id=6a813e7f-3130-4375-bd24-2f65d2405e8b&amp;o=undresscc&amp;t=\" target=\"_blank\" rel=\"noopener\"><img loading=\"lazy\" decoding=\"async\" class=\"aligncenter size-full\" src=\"\/images\/banners\/undresscc.jpg\" alt=\"\" width=\"800\" height=\"693\"><\/a><br \/>\n<h2>Vi presenterer Undress.cc-verkt\u00f8yet<\/h2>\n                <p>Oppdag en ny verden av kreativitet med Undress.cc, en nyskapende plattform som gir deg muligheten til \u00e5 lage dine unike AI-f\u00f8lgesvenner. Dykk inn i en verden der du kan gi liv til de fantasifulle figurene dine og delta i oppslukende samtaler med dem. Enten du er interessert i \u00e5 utforske nye fortellinger eller bare \u00f8nsker \u00e5 nyte interaktiv historiefortelling, tilbyr Undress.cc uendelige muligheter for deg \u00e5 generere og samhandle med dine egne AI-roboter i en spennende og personlig opplevelse.  <\/p>\n            <div class=\"jbs_y-9qj kb_c-qth\"><div class=\"jn_wx-sta\"><div class=\"p_oka-yvo\"><div class=\"r_lak-en7\"><span class=\"ba-gf-h9a\"><span class=\"lg_dk-942\"><span><\/span><\/span><span class=\"ba-gf-a14\" style=\"border-top-color:#334dfe\"><\/span><\/span><div class=\"jbs_y-y2r\">1<\/div><figure><img loading=\"lazy\" decoding=\"async\" width=\"800\" height=\"540\" src=\"https:\/\/hubba.co.nz\/images\/undresscc.png\" class=\"rg_jas-dod m_jo-img-h2b\"><\/figure><\/div><div class=\"jbs_y-9ak\"><div class=\"ez_o-s16\"><h3 class=\"lg_dk-fvg m_jo-h3-e1z\"><a href=\"https:\/\/hubba.co.nz\/out\/offer.php?id=251e491e-4a4a-4d6a-bee5-be94fd6a0ff7&o=undresscc&t=\" class=\"m_jo-a-jy3\" target=\"_blank\">Undress.cc<\/a><\/h3><div class=\"jbs_y-e34\"><\/div><\/div><\/div><div class=\"jbs_y-sxz\"><div><a href=\"https:\/\/hubba.co.nz\/out\/offer.php?id=251e491e-4a4a-4d6a-bee5-be94fd6a0ff7&o=undresscc&t=\" class=\"gfj_a-i5n m_jo-a-jy3\"  target=\"_blank\"><\/a><\/div><\/div><\/div><\/div><\/div><\/p>\n<div class=\"mb30 wpsm_box blue_type nonefloat_box\" style=\"text-align:center; width:auto\"><a href=\"\/out\/offer.php?id=6a813e7f-3130-4375-bd24-2f65d2405e8b&amp;o=undresscc&amp;t=\" style=\"color: blue\">\ud83d\udc8b Try AI Teen Pussy using Undress.cc Now! \ud83d\udd25<\/a><\/div>\n<h1><a href=\"\/out\/offer.php?id=6a813e7f-3130-4375-bd24-2f65d2405e8b&amp;o=spicychatai&amp;t=\" target=\"_blank\" rel=\"noopener\"><span style=\"color: #8c54ff;\">\ud83d\ude08 Spicychat.ai \ud83c\udf51<\/span><\/a><\/h1>\n<p><a href=\"\/out\/offer.php?id=6a813e7f-3130-4375-bd24-2f65d2405e8b&amp;o=spicychatai&amp;t=\" target=\"_blank\" rel=\"noopener\"><img loading=\"lazy\" decoding=\"async\" class=\"aligncenter size-full\" src=\"\/images\/banners\/spicychatai.jpg\" alt=\"\" width=\"800\" height=\"693\"><\/a><br \/>\n<h2>Oppdage Spicychat.ai: En veiledning<\/h2>\n                <p>Spicychat.ai setter i gang fantasien med den innovative AI Teen Pussy-funksjonen, der du kan lage unike karakterer og dykke ned i fengslende samtaler med din egen AI-kreasjon. Enten du s\u00f8ker engasjerende dialog eller er nysgjerrig p\u00e5 \u00e5 se hvor en digital personlighet kan ta deg, tilbyr Spicychat.ai en spennende plattform der kreativitet m\u00f8ter interaksjon. Forvandle chattene dine til en lekeplass av muligheter, og se hvordan AI-en din utvikler seg, overrasker og holder samtalen frisk og overbevisende, slik at du aldri mangler fengslende utvekslinger. Gj\u00f8r deg klar for en dynamisk chat-opplevelse ulik alle andre.   <\/p>\n            <div class=\"jbs_y-9qj kb_c-qth\"><div class=\"jn_wx-sta\"><div class=\"p_oka-yvo\"><div class=\"r_lak-en7\"><span class=\"ba-gf-h9a\"><span class=\"lg_dk-942\"><span><\/span><\/span><span class=\"ba-gf-a14\" style=\"border-top-color:#334dfe\"><\/span><\/span><div class=\"jbs_y-y2r\">1<\/div><figure><img loading=\"lazy\" decoding=\"async\" width=\"800\" height=\"540\" src=\"https:\/\/hubba.co.nz\/images\/spicychatai.png\" class=\"rg_jas-dod m_jo-img-h2b\"><\/figure><\/div><div class=\"jbs_y-9ak\"><div class=\"ez_o-s16\"><h3 class=\"lg_dk-fvg m_jo-h3-e1z\"><a href=\"https:\/\/hubba.co.nz\/out\/offer.php?id=251e491e-4a4a-4d6a-bee5-be94fd6a0ff7&o=spicychatai&t=\" class=\"m_jo-a-jy3\" target=\"_blank\">SpicyChat.ai<\/a><\/h3><div class=\"jbs_y-e34\"><\/div><\/div><\/div><div class=\"jbs_y-sxz\"><div><a href=\"https:\/\/hubba.co.nz\/out\/offer.php?id=251e491e-4a4a-4d6a-bee5-be94fd6a0ff7&o=spicychatai&t=\" class=\"gfj_a-i5n m_jo-a-jy3\"  target=\"_blank\"><\/a><\/div><\/div><\/div><\/div><\/div><\/p>\n<div class=\"mb30 wpsm_box blue_type nonefloat_box\" style=\"text-align:center; width:auto\"><a href=\"\/out\/offer.php?id=6a813e7f-3130-4375-bd24-2f65d2405e8b&amp;o=spicychatai&amp;t=\" style=\"color: blue\">\ud83c\udf39 Try AI Teen Pussy using Spicychat.ai Now! \ud83d\ude08<\/a><\/div>\n<h1><a href=\"\/out\/offer.php?id=6a813e7f-3130-4375-bd24-2f65d2405e8b&amp;o=promptchan&amp;t=\" target=\"_blank\" rel=\"noopener\"><span style=\"color: #8c54ff;\">\ud83d\udc59 Promptchan \ud83e\udd70<\/span><\/a><\/h1>\n<p><a href=\"\/out\/offer.php?id=6a813e7f-3130-4375-bd24-2f65d2405e8b&amp;o=promptchan&amp;t=\" target=\"_blank\" rel=\"noopener\"><img loading=\"lazy\" decoding=\"async\" class=\"aligncenter size-full\" src=\"\/images\/banners\/promptchan.jpg\" alt=\"\" width=\"800\" height=\"693\"><\/a><br \/>\n<h2>Oppdag Promptchan: Din kreative allierte<\/h2>\n                <p>Vi introduserer Promptchan: den ultimate lekeplassen for fantasien din, der du er skaperen av digitale personas og arkitekten bak medrivende samtaler! Dykk inn i en verden der kreativiteten din ikke kjenner noen grenser. Lag dine egne unike karakterer og se dem komme til live, og delta i dynamiske interaksjoner som kontinuerlig utvikler seg med dine innspill. Enten du designer en ny venn, en fortrolig eller en dynamisk historieforteller, tilbyr Promptchan en oppslukende opplevelse som visker ut grensene mellom virkeligheten og den digitale verdenen. Slipp kreativiteten l\u00f8s i dag og v\u00e6r vitne til magien til AI n\u00e5r den forbedrer historiefortellingen og interaktive opplevelser p\u00e5 m\u00e5ter du aldri har forestilt deg!    <\/p>\n            <div class=\"jbs_y-9qj kb_c-qth\"><div class=\"jn_wx-sta\"><div class=\"p_oka-yvo\"><div class=\"r_lak-en7\"><span class=\"ba-gf-h9a\"><span class=\"lg_dk-942\"><span>Last opp dine egne bilder<\/span><\/span><span class=\"ba-gf-a14\" style=\"border-top-color:#334dfe\"><\/span><\/span><div class=\"jbs_y-y2r\">1<\/div><figure><img loading=\"lazy\" decoding=\"async\" width=\"800\" height=\"540\" src=\"https:\/\/hubba.co.nz\/images\/promptchan.png\" class=\"rg_jas-dod m_jo-img-h2b\"><\/figure><\/div><div class=\"jbs_y-9ak\"><div class=\"ez_o-s16\"><h3 class=\"lg_dk-fvg m_jo-h3-e1z\"><a href=\"https:\/\/hubba.co.nz\/out\/offer.php?id=6a813e7f-3130-4375-bd24-2f65d2405e8b&o=promptchan&t=\" class=\"m_jo-a-jy3\" target=\"_blank\">PromptChan.ai<\/a><\/h3><div class=\"jbs_y-e34\">\u2714\ufe0f Generer gifs og videoer<br>\u2714\ufe0f Helt gratis \u00e5 teste<br>\u2714\ufe0f Rediger dine ai-modeller<br>\u2714\ufe0f Lag pornografiske bilder (ingen begrensning)<\/div><\/div><\/div><div class=\"jbs_y-sxz\"><div><a href=\"https:\/\/hubba.co.nz\/out\/offer.php?id=6a813e7f-3130-4375-bd24-2f65d2405e8b&o=promptchan&t=\" class=\"gfj_a-i5n m_jo-a-jy3\"  target=\"_blank\">Gratis pr\u00f8veperiode<\/a><\/div><\/div><\/div><\/div><\/div><\/p>\n<div class=\"mb30 wpsm_box blue_type nonefloat_box\" style=\"text-align:center; width:auto\"><a href=\"\/out\/offer.php?id=6a813e7f-3130-4375-bd24-2f65d2405e8b&amp;o=promptchan&amp;t=\" style=\"color: blue\">\u2764\ufe0f Try AI Teen Pussy using Promptchan Now! \ud83c\udf89<\/a><\/div>\n<p>Avslutningsvis, mens Undress.cc, Spicychat.ai og Promptchan skiller seg ut som bemerkelsesverdige valg innen AI-innholdsgeneratorer, tar FantasyGF unektelig kronen for \u00e5 lage de mest fengslende opplevelsene. Med sine unike evner bringer den fantasi til live som ingen andre. For de med varierte preferanser, kan du ogs\u00e5 like \u00e5 utforske forskjellige kreative omr\u00e5der <a href=\"https:\/\/hubba.co.nz\/no\/ai-lodden-porno\/\">her<\/a>. Man kan ikke ignorere FantasyGFs fortreffelighet n\u00e5r det gjelder \u00e5 levere innhold uten sidestykke, spesielt n\u00e5r det kommer til AI Teen Pussy. Dykk inn og nyt magien som venter, setter i gang fantasien og overskrider virtuelle grenser.    <\/p>\n<div class=\"jbs_y-9qj kb_c-qth\"><div class=\"jn_wx-sta\"><div class=\"p_oka-yvo\"><div class=\"r_lak-en7\"><span class=\"ba-gf-h9a\"><span class=\"lg_dk-942\"><span><\/span><\/span><span class=\"ba-gf-a14\" style=\"border-top-color:#334dfe\"><\/span><\/span><div class=\"jbs_y-y2r\">1<\/div><figure><img loading=\"lazy\" decoding=\"async\" width=\"800\" height=\"540\" src=\"https:\/\/hubba.co.nz\/images\/fantasygf.png\" class=\"rg_jas-dod m_jo-img-h2b\"><\/figure><\/div><div class=\"jbs_y-9ak\"><div class=\"ez_o-s16\"><h3 class=\"lg_dk-fvg m_jo-h3-e1z\"><a href=\"https:\/\/hubba.co.nz\/out\/offer.php?id=251e491e-4a4a-4d6a-bee5-be94fd6a0ff7&o=fantasygf&t=\" class=\"m_jo-a-jy3\" target=\"_blank\">FantasyGF<\/a><\/h3><div class=\"jbs_y-e34\"><\/div><\/div><\/div><div class=\"jbs_y-sxz\"><div><a href=\"https:\/\/hubba.co.nz\/out\/offer.php?id=251e491e-4a4a-4d6a-bee5-be94fd6a0ff7&o=fantasygf&t=\" class=\"gfj_a-i5n m_jo-a-jy3\"  target=\"_blank\"><\/a><\/div><\/div><\/div><\/div>\n<div class=\"jn_wx-sta\"><div class=\"p_oka-yvo\"><div class=\"r_lak-en7\"><div class=\"jbs_y-y2r\">2<\/div><figure><img loading=\"lazy\" decoding=\"async\" width=\"800\" height=\"540\" src=\"https:\/\/hubba.co.nz\/images\/undresscc.png\" class=\"rg_jas-dod m_jo-img-h2b\"><\/figure><\/div><div class=\"jbs_y-9ak\"><div class=\"ez_o-s16\"><h3 class=\"lg_dk-fvg m_jo-h3-e1z\"><a href=\"https:\/\/hubba.co.nz\/out\/offer.php?id=251e491e-4a4a-4d6a-bee5-be94fd6a0ff7&o=undresscc&t=\" class=\"m_jo-a-jy3\" target=\"_blank\">Undress.cc<\/a><\/h3><div class=\"jbs_y-e34\"><\/div><\/div><\/div><div class=\"jbs_y-sxz\"><div><a href=\"https:\/\/hubba.co.nz\/out\/offer.php?id=251e491e-4a4a-4d6a-bee5-be94fd6a0ff7&o=undresscc&t=\" class=\"gfj_a-i5n m_jo-a-jy3\"  target=\"_blank\"><\/a><\/div><\/div><\/div><\/div>\n<div class=\"jn_wx-sta\"><div class=\"p_oka-yvo\"><div class=\"r_lak-en7\"><div class=\"jbs_y-y2r\">3<\/div><figure><img loading=\"lazy\" decoding=\"async\" width=\"800\" height=\"540\" src=\"https:\/\/hubba.co.nz\/images\/spicychatai.png\" class=\"rg_jas-dod m_jo-img-h2b\"><\/figure><\/div><div class=\"jbs_y-9ak\"><div class=\"ez_o-s16\"><h3 class=\"lg_dk-fvg m_jo-h3-e1z\"><a href=\"https:\/\/hubba.co.nz\/out\/offer.php?id=251e491e-4a4a-4d6a-bee5-be94fd6a0ff7&o=spicychatai&t=\" class=\"m_jo-a-jy3\" target=\"_blank\">SpicyChat.ai<\/a><\/h3><div class=\"jbs_y-e34\"><\/div><\/div><\/div><div class=\"jbs_y-sxz\"><div><a href=\"https:\/\/hubba.co.nz\/out\/offer.php?id=251e491e-4a4a-4d6a-bee5-be94fd6a0ff7&o=spicychatai&t=\" class=\"gfj_a-i5n m_jo-a-jy3\"  target=\"_blank\"><\/a><\/div><\/div><\/div><\/div>\n<div class=\"jn_wx-sta\"><div class=\"p_oka-yvo\"><div class=\"r_lak-en7\"><div class=\"jbs_y-y2r\">4<\/div><figure><img loading=\"lazy\" decoding=\"async\" width=\"800\" height=\"540\" src=\"https:\/\/hubba.co.nz\/images\/promptchan.png\" class=\"rg_jas-dod m_jo-img-h2b\"><\/figure><\/div><div class=\"jbs_y-9ak\"><div class=\"ez_o-s16\"><h3 class=\"lg_dk-fvg m_jo-h3-e1z\"><a href=\"https:\/\/hubba.co.nz\/out\/offer.php?id=6a813e7f-3130-4375-bd24-2f65d2405e8b&o=promptchan&t=\" class=\"m_jo-a-jy3\" target=\"_blank\">PromptChan.ai<\/a><\/h3><div class=\"jbs_y-e34\">\u2714\ufe0f Generer gifs og videoer<br>\u2714\ufe0f Helt gratis \u00e5 teste<br>\u2714\ufe0f Rediger dine ai-modeller<br>\u2714\ufe0f Lag pornografiske bilder (ingen begrensning)<\/div><\/div><\/div><div class=\"jbs_y-sxz\"><div><a href=\"https:\/\/hubba.co.nz\/out\/offer.php?id=6a813e7f-3130-4375-bd24-2f65d2405e8b&o=promptchan&t=\" class=\"gfj_a-i5n m_jo-a-jy3\"  target=\"_blank\">Gratis pr\u00f8veperiode<\/a><\/div><\/div><\/div><\/div><\/div>\n","protected":false},"excerpt":{"rendered":"<p>L\u00e5s opp AI-ten\u00e5ringsfantasier: Motorveier \u00e5 utforske gjennom AI-innovasjon \ud83c\udf46 AI har kommet langt siden begynnelsen av revolusjonen, en av underseksjonene som har hatt stor nytte er AI-ten\u00e5ringsinnhold. F\u00f8lgende er noen av de mest popul\u00e6re verkt\u00f8yene for \u00e5 bygge en hot ten\u00e5ring! \ud83d\ude08 FantasyGF \ud83d\ude0d \ud83c\udf36\ufe0f Undress.cc \ud83c\udf39 \ud83d\ude08 Spicychat.ai \ud83c\udf51 \ud83d\udc59 Promptchan \ud83e\udd70 Avslutningsvis, mens &#8230; <a title=\"AI Ten\u00e5ring Fitte\" class=\"read-more\" href=\"https:\/\/hubba.co.nz\/no\/ai-tenaring-fitte\/\" aria-label=\"Read more about AI Ten\u00e5ring Fitte\">Les mer<\/a><\/p>\n","protected":false},"author":1,"featured_media":0,"parent":0,"menu_order":0,"comment_status":"closed","ping_status":"closed","template":"","meta":{"footnotes":""},"class_list":["post-3011","page","type-page","status-publish"],"yoast_head":"<!-- This site is optimized with the Yoast SEO plugin v19.12 - https:\/\/yoast.com\/wordpress\/plugins\/seo\/ -->\n<title>AI Teen Pussy - L\u00e5s opp AI Ten\u00e5ringsfantasier: Motorveier \u00e5 utforske gjennom AI-innovasjon<\/title>\n<meta name=\"robots\" content=\"index, follow, max-snippet:-1, max-image-preview:large, max-video-preview:-1\" \/>\n<link rel=\"canonical\" href=\"https:\/\/hubba.co.nz\/no\/ai-tenaring-fitte\/\" \/>\n<meta property=\"og:locale\" content=\"nb_NO\" \/>\n<meta property=\"og:type\" content=\"article\" \/>\n<meta property=\"og:title\" content=\"AI Teen Pussy - L\u00e5s opp AI Ten\u00e5ringsfantasier: Motorveier \u00e5 utforske gjennom AI-innovasjon\" \/>\n<meta property=\"og:description\" content=\"L\u00e5s opp AI-ten\u00e5ringsfantasier: Motorveier \u00e5 utforske gjennom AI-innovasjon \ud83c\udf46 AI har kommet langt siden begynnelsen av revolusjonen, en av underseksjonene som har hatt stor nytte er AI-ten\u00e5ringsinnhold. F\u00f8lgende er noen av de mest popul\u00e6re verkt\u00f8yene for \u00e5 bygge en hot ten\u00e5ring! \ud83d\ude08 FantasyGF \ud83d\ude0d \ud83c\udf36\ufe0f Undress.cc \ud83c\udf39 \ud83d\ude08 Spicychat.ai \ud83c\udf51 \ud83d\udc59 Promptchan \ud83e\udd70 Avslutningsvis, mens ... Les mer\" \/>\n<meta property=\"og:url\" content=\"https:\/\/hubba.co.nz\/no\/ai-tenaring-fitte\/\" \/>\n<meta property=\"og:site_name\" content=\"Hubba NZ\" \/>\n<meta name=\"twitter:card\" content=\"summary_large_image\" \/>\n<meta name=\"twitter:label1\" content=\"Ansl. lesetid\" \/>\n\t<meta name=\"twitter:data1\" content=\"4 minutter\" \/>\n<script type=\"application\/ld+json\" class=\"yoast-schema-graph\">{\"@context\":\"https:\/\/schema.org\",\"@graph\":[{\"@type\":\"WebPage\",\"@id\":\"https:\/\/hubba.co.nz\/no\/ai-tenaring-fitte\/\",\"url\":\"https:\/\/hubba.co.nz\/no\/ai-tenaring-fitte\/\",\"name\":\"AI Teen Pussy - L\u00e5s opp AI Ten\u00e5ringsfantasier: Motorveier \u00e5 utforske gjennom AI-innovasjon\",\"isPartOf\":{\"@id\":\"https:\/\/hubba.co.nz\/no\/#website\"},\"datePublished\":\"2025-03-08T08:09:09+00:00\",\"dateModified\":\"2025-03-08T08:09:09+00:00\",\"breadcrumb\":{\"@id\":\"https:\/\/hubba.co.nz\/no\/ai-tenaring-fitte\/#breadcrumb\"},\"inLanguage\":\"nb-NO\",\"potentialAction\":[{\"@type\":\"ReadAction\",\"target\":[\"https:\/\/hubba.co.nz\/no\/ai-tenaring-fitte\/\"]}]},{\"@type\":\"BreadcrumbList\",\"@id\":\"https:\/\/hubba.co.nz\/no\/ai-tenaring-fitte\/#breadcrumb\",\"itemListElement\":[{\"@type\":\"ListItem\",\"position\":1,\"name\":\"Home\",\"item\":\"https:\/\/hubba.co.nz\/no\/mot-og-knulle-nettsteder-norge\/\"},{\"@type\":\"ListItem\",\"position\":2,\"name\":\"AI Ten\u00e5ring Fitte\"}]},{\"@type\":\"WebSite\",\"@id\":\"https:\/\/hubba.co.nz\/no\/#website\",\"url\":\"https:\/\/hubba.co.nz\/no\/\",\"name\":\"Hubba NZ\",\"description\":\"\",\"potentialAction\":[{\"@type\":\"SearchAction\",\"target\":{\"@type\":\"EntryPoint\",\"urlTemplate\":\"https:\/\/hubba.co.nz\/no\/?s={search_term_string}\"},\"query-input\":\"required name=search_term_string\"}],\"inLanguage\":\"nb-NO\"}]}<\/script>\n<!-- \/ Yoast SEO plugin. -->","yoast_head_json":{"title":"AI Teen Pussy - L\u00e5s opp AI Ten\u00e5ringsfantasier: Motorveier \u00e5 utforske gjennom AI-innovasjon","robots":{"index":"index","follow":"follow","max-snippet":"max-snippet:-1","max-image-preview":"max-image-preview:large","max-video-preview":"max-video-preview:-1"},"canonical":"https:\/\/hubba.co.nz\/no\/ai-tenaring-fitte\/","og_locale":"nb_NO","og_type":"article","og_title":"AI Teen Pussy - L\u00e5s opp AI Ten\u00e5ringsfantasier: Motorveier \u00e5 utforske gjennom AI-innovasjon","og_description":"L\u00e5s opp AI-ten\u00e5ringsfantasier: Motorveier \u00e5 utforske gjennom AI-innovasjon \ud83c\udf46 AI har kommet langt siden begynnelsen av revolusjonen, en av underseksjonene som har hatt stor nytte er AI-ten\u00e5ringsinnhold. F\u00f8lgende er noen av de mest popul\u00e6re verkt\u00f8yene for \u00e5 bygge en hot ten\u00e5ring! \ud83d\ude08 FantasyGF \ud83d\ude0d \ud83c\udf36\ufe0f Undress.cc \ud83c\udf39 \ud83d\ude08 Spicychat.ai \ud83c\udf51 \ud83d\udc59 Promptchan \ud83e\udd70 Avslutningsvis, mens ... Les mer","og_url":"https:\/\/hubba.co.nz\/no\/ai-tenaring-fitte\/","og_site_name":"Hubba NZ","twitter_card":"summary_large_image","twitter_misc":{"Ansl. lesetid":"4 minutter"},"schema":{"@context":"https:\/\/schema.org","@graph":[{"@type":"WebPage","@id":"https:\/\/hubba.co.nz\/no\/ai-tenaring-fitte\/","url":"https:\/\/hubba.co.nz\/no\/ai-tenaring-fitte\/","name":"AI Teen Pussy - L\u00e5s opp AI Ten\u00e5ringsfantasier: Motorveier \u00e5 utforske gjennom AI-innovasjon","isPartOf":{"@id":"https:\/\/hubba.co.nz\/no\/#website"},"datePublished":"2025-03-08T08:09:09+00:00","dateModified":"2025-03-08T08:09:09+00:00","breadcrumb":{"@id":"https:\/\/hubba.co.nz\/no\/ai-tenaring-fitte\/#breadcrumb"},"inLanguage":"nb-NO","potentialAction":[{"@type":"ReadAction","target":["https:\/\/hubba.co.nz\/no\/ai-tenaring-fitte\/"]}]},{"@type":"BreadcrumbList","@id":"https:\/\/hubba.co.nz\/no\/ai-tenaring-fitte\/#breadcrumb","itemListElement":[{"@type":"ListItem","position":1,"name":"Home","item":"https:\/\/hubba.co.nz\/no\/mot-og-knulle-nettsteder-norge\/"},{"@type":"ListItem","position":2,"name":"AI Ten\u00e5ring Fitte"}]},{"@type":"WebSite","@id":"https:\/\/hubba.co.nz\/no\/#website","url":"https:\/\/hubba.co.nz\/no\/","name":"Hubba NZ","description":"","potentialAction":[{"@type":"SearchAction","target":{"@type":"EntryPoint","urlTemplate":"https:\/\/hubba.co.nz\/no\/?s={search_term_string}"},"query-input":"required name=search_term_string"}],"inLanguage":"nb-NO"}]}},"_links":{"self":[{"href":"https:\/\/hubba.co.nz\/no\/wp-json\/wp\/v2\/pages\/3011","targetHints":{"allow":["GET"]}}],"collection":[{"href":"https:\/\/hubba.co.nz\/no\/wp-json\/wp\/v2\/pages"}],"about":[{"href":"https:\/\/hubba.co.nz\/no\/wp-json\/wp\/v2\/types\/page"}],"author":[{"embeddable":true,"href":"https:\/\/hubba.co.nz\/no\/wp-json\/wp\/v2\/users\/1"}],"replies":[{"embeddable":true,"href":"https:\/\/hubba.co.nz\/no\/wp-json\/wp\/v2\/comments?post=3011"}],"version-history":[{"count":0,"href":"https:\/\/hubba.co.nz\/no\/wp-json\/wp\/v2\/pages\/3011\/revisions"}],"wp:attachment":[{"href":"https:\/\/hubba.co.nz\/no\/wp-json\/wp\/v2\/media?parent=3011"}],"curies":[{"name":"wp","href":"https:\/\/api.w.org\/{rel}","templated":true}]}}