{"id":3021,"date":"2025-03-08T08:09:09","date_gmt":"2025-03-08T08:09:09","guid":{"rendered":"https:\/\/hubba.co.nz\/ai-tonaring-fitta\/"},"modified":"2025-03-08T08:09:09","modified_gmt":"2025-03-08T08:09:09","slug":"ai-tonaring-fitta","status":"publish","type":"page","link":"https:\/\/hubba.co.nz\/sv\/ai-tonaring-fitta\/","title":{"rendered":"AI Ton\u00e5ring Fitta"},"content":{"rendered":"\r\n    <div class=\"conteiner-tq6\">\r\n        <div class=\"conteiner-hh9\"><img decoding=\"async\" src=\"https:\/\/public-use.b-cdn.net\/ai\/webp\/blonde.webp?width=321&height=431\" class=\"image-i1a\"><\/div>\r\n        <div class=\"block-rfj\">\r\n            <div class=\"content-8to\">\r\n                <h1 class=\"hea-456\"><span class=\"text-ode\">Chat With Blonde Girls<\/span> on Candy.ai<\/h1>\r\n                <div class=\"block-bmg\">Make her exactly how you fantasize - no limits!<\/div>\r\n                <a href=\"\/out\/offer.php?id=6a813e7f-3130-4375-bd24-2f65d2405e8b&o=candyai&t=blonde\" class=\"button-lfn block-te9\" target=\"_blank\">\r\n                    <div class=\"button-g6v\">Create Your AI Character<\/div>\r\n                <\/a>\r\n            <\/div>\r\n        <\/div>\r\n    <\/div>\n<h1><span style=\"color: #8c54ff;\">L\u00e5s upp AI-ton\u00e5rsfantasier: Motorv\u00e4gar att utforska genom AI-innovation \ud83c\udf46<\/span><\/h1>\n<p>AI har kommit l\u00e5ngt sedan revolutionens gryning, och en av de underavdelningar som har gynnats mycket \u00e4r AI ton\u00e5rsinneh\u00e5ll. F\u00f6ljande \u00e4r n\u00e5gra av de mest popul\u00e4ra verktygen f\u00f6r att bygga en het ton\u00e5ring! <\/p>\n<div class=\"jbs_y-9qj kb_c-qth\"><div class=\"jn_wx-sta\"><div class=\"p_oka-yvo\"><div class=\"r_lak-en7\"><span class=\"ba-gf-h9a\"><span class=\"lg_dk-942\"><span><\/span><\/span><span class=\"ba-gf-a14\" style=\"border-top-color:#334dfe\"><\/span><\/span><div class=\"jbs_y-y2r\">1<\/div><figure><img loading=\"lazy\" decoding=\"async\" width=\"800\" height=\"540\" src=\"https:\/\/hubba.co.nz\/images\/fantasygf.png\" class=\"rg_jas-dod m_jo-img-h2b\"><\/figure><\/div><div class=\"jbs_y-9ak\"><div class=\"ez_o-s16\"><h3 class=\"lg_dk-fvg m_jo-h3-e1z\"><a href=\"https:\/\/hubba.co.nz\/out\/offer.php?id=251e491e-4a4a-4d6a-bee5-be94fd6a0ff7&o=fantasygf&t=\" class=\"m_jo-a-jy3\" target=\"_blank\">FantasyGF<\/a><\/h3><div class=\"jbs_y-e34\"><\/div><\/div><\/div><div class=\"jbs_y-sxz\"><div><a href=\"https:\/\/hubba.co.nz\/out\/offer.php?id=251e491e-4a4a-4d6a-bee5-be94fd6a0ff7&o=fantasygf&t=\" class=\"gfj_a-i5n m_jo-a-jy3\"  target=\"_blank\"><\/a><\/div><\/div><\/div><\/div>\n<div class=\"jn_wx-sta\"><div class=\"p_oka-yvo\"><div class=\"r_lak-en7\"><div class=\"jbs_y-y2r\">2<\/div><figure><img loading=\"lazy\" decoding=\"async\" width=\"800\" height=\"540\" src=\"https:\/\/hubba.co.nz\/images\/undresscc.png\" class=\"rg_jas-dod m_jo-img-h2b\"><\/figure><\/div><div class=\"jbs_y-9ak\"><div class=\"ez_o-s16\"><h3 class=\"lg_dk-fvg m_jo-h3-e1z\"><a href=\"https:\/\/hubba.co.nz\/out\/offer.php?id=251e491e-4a4a-4d6a-bee5-be94fd6a0ff7&o=undresscc&t=\" class=\"m_jo-a-jy3\" target=\"_blank\">Undress.cc<\/a><\/h3><div class=\"jbs_y-e34\"><\/div><\/div><\/div><div class=\"jbs_y-sxz\"><div><a href=\"https:\/\/hubba.co.nz\/out\/offer.php?id=251e491e-4a4a-4d6a-bee5-be94fd6a0ff7&o=undresscc&t=\" class=\"gfj_a-i5n m_jo-a-jy3\"  target=\"_blank\"><\/a><\/div><\/div><\/div><\/div>\n<div class=\"jn_wx-sta\"><div class=\"p_oka-yvo\"><div class=\"r_lak-en7\"><div class=\"jbs_y-y2r\">3<\/div><figure><img loading=\"lazy\" decoding=\"async\" width=\"800\" height=\"540\" src=\"https:\/\/hubba.co.nz\/images\/spicychatai.png\" class=\"rg_jas-dod m_jo-img-h2b\"><\/figure><\/div><div class=\"jbs_y-9ak\"><div class=\"ez_o-s16\"><h3 class=\"lg_dk-fvg m_jo-h3-e1z\"><a href=\"https:\/\/hubba.co.nz\/out\/offer.php?id=251e491e-4a4a-4d6a-bee5-be94fd6a0ff7&o=spicychatai&t=\" class=\"m_jo-a-jy3\" target=\"_blank\">SpicyChat.ai<\/a><\/h3><div class=\"jbs_y-e34\"><\/div><\/div><\/div><div class=\"jbs_y-sxz\"><div><a href=\"https:\/\/hubba.co.nz\/out\/offer.php?id=251e491e-4a4a-4d6a-bee5-be94fd6a0ff7&o=spicychatai&t=\" class=\"gfj_a-i5n m_jo-a-jy3\"  target=\"_blank\"><\/a><\/div><\/div><\/div><\/div>\n<div class=\"jn_wx-sta\"><div class=\"p_oka-yvo\"><div class=\"r_lak-en7\"><div class=\"jbs_y-y2r\">4<\/div><figure><img loading=\"lazy\" decoding=\"async\" width=\"800\" height=\"540\" src=\"https:\/\/hubba.co.nz\/images\/promptchan.png\" class=\"rg_jas-dod m_jo-img-h2b\"><\/figure><\/div><div class=\"jbs_y-9ak\"><div class=\"ez_o-s16\"><h3 class=\"lg_dk-fvg m_jo-h3-e1z\"><a href=\"https:\/\/hubba.co.nz\/out\/offer.php?id=6a813e7f-3130-4375-bd24-2f65d2405e8b&o=promptchan&t=\" class=\"m_jo-a-jy3\" target=\"_blank\">PromptChan.ai<\/a><\/h3><div class=\"jbs_y-e34\">\u2714\ufe0f Skapa gifs och videor<br>\u2714\ufe0f Helt gratis att testa<br>\u2714\ufe0f Redigera dina ai-modeller<br>\u2714\ufe0f Skapa pornografiska bilder (ingen begr\u00e4nsning)<\/div><\/div><\/div><div class=\"jbs_y-sxz\"><div><a href=\"https:\/\/hubba.co.nz\/out\/offer.php?id=6a813e7f-3130-4375-bd24-2f65d2405e8b&o=promptchan&t=\" class=\"gfj_a-i5n m_jo-a-jy3\"  target=\"_blank\">Gratis provperiod<\/a><\/div><\/div><\/div><\/div><\/div>\n<h1><a href=\"\/out\/offer.php?id=6a813e7f-3130-4375-bd24-2f65d2405e8b&amp;o=fantasygf&amp;t=\" target=\"_blank\" rel=\"noopener\"><span style=\"color: #8c54ff;\">\ud83d\ude08 Fantasi GF \ud83d\ude0d<\/span><\/a><\/h1>\n<p><a href=\"\/out\/offer.php?id=6a813e7f-3130-4375-bd24-2f65d2405e8b&amp;o=fantasygf&amp;t=\" target=\"_blank\" rel=\"noopener\"><img loading=\"lazy\" decoding=\"async\" class=\"aligncenter size-full\" src=\"\/images\/banners\/fantasygf.jpg\" alt=\"\" width=\"800\" height=\"693\"><\/a><br \/>\n<h2>Uppt\u00e4ck magin med FantasyGF<\/h2>\n                <p>Dyk in i en v\u00e4rld av fantasi och sensualitet med FantasyGF, d\u00e4r dina \u00f6nskningar tar rampljuset. Upplev sp\u00e4nningen i att skapa dina egna unika AI-karakt\u00e4rer som \u00e4r utformade f\u00f6r att tillgodose alla dina infall. Oavsett om du letar efter en lockande konversation med en virtuell f\u00f6ljeslagare eller vill f\u00f6rverkliga dina dr\u00f6mmar, ger FantasyGF dig m\u00f6jlighet att designa den perfekta partnern. Utforska ett universum fyllt av obegr\u00e4nsade m\u00f6jligheter och njut av o\u00e4ndliga alternativ f\u00f6r virtuellt engagemang. F\u00f6r dem som f\u00e4ngslas av olika sk\u00f6nheter, kanske du vill kolla in fler alternativ genom v\u00e5r funktion <a href=\"https:\/\/hubba.co.nz\/sv\/svart-flicka-ai-porr\/\">h\u00e4r<\/a>. Sl\u00e4pp loss dina fantasier och kliv in i en v\u00e4rld d\u00e4r din fantasi inte k\u00e4nner n\u00e5gra gr\u00e4nser.     <\/p>\n            <div class=\"jbs_y-9qj kb_c-qth\"><div class=\"jn_wx-sta\"><div class=\"p_oka-yvo\"><div class=\"r_lak-en7\"><span class=\"ba-gf-h9a\"><span class=\"lg_dk-942\"><span><\/span><\/span><span class=\"ba-gf-a14\" style=\"border-top-color:#334dfe\"><\/span><\/span><div class=\"jbs_y-y2r\">1<\/div><figure><img loading=\"lazy\" decoding=\"async\" width=\"800\" height=\"540\" src=\"https:\/\/hubba.co.nz\/images\/fantasygf.png\" class=\"rg_jas-dod m_jo-img-h2b\"><\/figure><\/div><div class=\"jbs_y-9ak\"><div class=\"ez_o-s16\"><h3 class=\"lg_dk-fvg m_jo-h3-e1z\"><a href=\"https:\/\/hubba.co.nz\/out\/offer.php?id=251e491e-4a4a-4d6a-bee5-be94fd6a0ff7&o=fantasygf&t=\" class=\"m_jo-a-jy3\" target=\"_blank\">FantasyGF<\/a><\/h3><div class=\"jbs_y-e34\"><\/div><\/div><\/div><div class=\"jbs_y-sxz\"><div><a href=\"https:\/\/hubba.co.nz\/out\/offer.php?id=251e491e-4a4a-4d6a-bee5-be94fd6a0ff7&o=fantasygf&t=\" class=\"gfj_a-i5n m_jo-a-jy3\"  target=\"_blank\"><\/a><\/div><\/div><\/div><\/div><\/div><\/p>\n<div class=\"mb30 wpsm_box blue_type nonefloat_box\" style=\"text-align:center; width:auto\"><a href=\"\/out\/offer.php?id=6a813e7f-3130-4375-bd24-2f65d2405e8b&amp;o=fantasygf&amp;t=\" style=\"color: blue\">\ud83c\udf51 Try AI Teen Pussy using FantasyGF Now! \ud83d\udd25<\/a><\/div>\n<h1><a href=\"\/out\/offer.php?id=6a813e7f-3130-4375-bd24-2f65d2405e8b&amp;o=undresscc&amp;t=\" target=\"_blank\" rel=\"noopener\"><span style=\"color: #8c54ff;\">\ud83c\udf36\ufe0f \ud83c\udf39 Undress.cc<\/span><\/a><\/h1>\n<p><a href=\"\/out\/offer.php?id=6a813e7f-3130-4375-bd24-2f65d2405e8b&amp;o=undresscc&amp;t=\" target=\"_blank\" rel=\"noopener\"><img loading=\"lazy\" decoding=\"async\" class=\"aligncenter size-full\" src=\"\/images\/banners\/undresscc.jpg\" alt=\"\" width=\"800\" height=\"693\"><\/a><br \/>\n<h2>Introduktion till Undress.cc Tool<\/h2>\n                <p>Uppt\u00e4ck en ny v\u00e4rld av kreativitet med Undress.cc, en innovativ plattform som ger dig m\u00f6jlighet att skapa dina unika AI-kompanjoner. Dyk in i en v\u00e4rld d\u00e4r du kan ge dina fantasifulla karakt\u00e4rer liv och delta i uppslukande konversationer med dem. Oavsett om du \u00e4r intresserad av att utforska nya ber\u00e4ttelser eller bara vill njuta av interaktivt ber\u00e4ttande, erbjuder Undress.cc o\u00e4ndliga m\u00f6jligheter f\u00f6r dig att skapa och interagera med dina egna AI-bots i en sp\u00e4nnande och personlig upplevelse.  <\/p>\n            <div class=\"jbs_y-9qj kb_c-qth\"><div class=\"jn_wx-sta\"><div class=\"p_oka-yvo\"><div class=\"r_lak-en7\"><span class=\"ba-gf-h9a\"><span class=\"lg_dk-942\"><span><\/span><\/span><span class=\"ba-gf-a14\" style=\"border-top-color:#334dfe\"><\/span><\/span><div class=\"jbs_y-y2r\">1<\/div><figure><img loading=\"lazy\" decoding=\"async\" width=\"800\" height=\"540\" src=\"https:\/\/hubba.co.nz\/images\/undresscc.png\" class=\"rg_jas-dod m_jo-img-h2b\"><\/figure><\/div><div class=\"jbs_y-9ak\"><div class=\"ez_o-s16\"><h3 class=\"lg_dk-fvg m_jo-h3-e1z\"><a href=\"https:\/\/hubba.co.nz\/out\/offer.php?id=251e491e-4a4a-4d6a-bee5-be94fd6a0ff7&o=undresscc&t=\" class=\"m_jo-a-jy3\" target=\"_blank\">Undress.cc<\/a><\/h3><div class=\"jbs_y-e34\"><\/div><\/div><\/div><div class=\"jbs_y-sxz\"><div><a href=\"https:\/\/hubba.co.nz\/out\/offer.php?id=251e491e-4a4a-4d6a-bee5-be94fd6a0ff7&o=undresscc&t=\" class=\"gfj_a-i5n m_jo-a-jy3\"  target=\"_blank\"><\/a><\/div><\/div><\/div><\/div><\/div><\/p>\n<div class=\"mb30 wpsm_box blue_type nonefloat_box\" style=\"text-align:center; width:auto\"><a href=\"\/out\/offer.php?id=6a813e7f-3130-4375-bd24-2f65d2405e8b&amp;o=undresscc&amp;t=\" style=\"color: blue\">\ud83d\udc8b Try AI Teen Pussy using Undress.cc Now! \ud83d\udd25<\/a><\/div>\n<h1><a href=\"\/out\/offer.php?id=6a813e7f-3130-4375-bd24-2f65d2405e8b&amp;o=spicychatai&amp;t=\" target=\"_blank\" rel=\"noopener\"><span style=\"color: #8c54ff;\">\ud83d\ude08 \ud83c\udf51<\/span><\/a><\/h1>\n<p><a href=\"\/out\/offer.php?id=6a813e7f-3130-4375-bd24-2f65d2405e8b&amp;o=spicychatai&amp;t=\" target=\"_blank\" rel=\"noopener\"><img loading=\"lazy\" decoding=\"async\" class=\"aligncenter size-full\" src=\"\/images\/banners\/spicychatai.jpg\" alt=\"\" width=\"800\" height=\"693\"><\/a><br \/>\n<h2>Uppt\u00e4ck Spicychat.ai: En guide<\/h2>\n                <p>Spicychat.ai v\u00e4cker fantasin med sin innovativa AI Teen Pussy-funktion, d\u00e4r du kan skapa unika karakt\u00e4rer och dyka in i f\u00e4ngslande konversationer med din alldeles egna AI-skapelse. Oavsett om du s\u00f6ker engagerande dialog eller \u00e4r nyfiken p\u00e5 att se vart en digital personlighet kan ta dig, erbjuder Spicychat.ai en sp\u00e4nnande plattform d\u00e4r kreativitet m\u00f6ter interaktion. F\u00f6rvandla dina chattar till en lekplats av m\u00f6jligheter och se hur din AI utvecklas, \u00f6verraskar och h\u00e5ller konversationen fr\u00e4sch och \u00f6vertygande, vilket s\u00e4kerst\u00e4ller att du aldrig saknar f\u00e4ngslande utbyten. G\u00f6r dig redo f\u00f6r en dynamisk chattupplevelse som inte liknar n\u00e5gon annan.   <\/p>\n            <div class=\"jbs_y-9qj kb_c-qth\"><div class=\"jn_wx-sta\"><div class=\"p_oka-yvo\"><div class=\"r_lak-en7\"><span class=\"ba-gf-h9a\"><span class=\"lg_dk-942\"><span><\/span><\/span><span class=\"ba-gf-a14\" style=\"border-top-color:#334dfe\"><\/span><\/span><div class=\"jbs_y-y2r\">1<\/div><figure><img loading=\"lazy\" decoding=\"async\" width=\"800\" height=\"540\" src=\"https:\/\/hubba.co.nz\/images\/spicychatai.png\" class=\"rg_jas-dod m_jo-img-h2b\"><\/figure><\/div><div class=\"jbs_y-9ak\"><div class=\"ez_o-s16\"><h3 class=\"lg_dk-fvg m_jo-h3-e1z\"><a href=\"https:\/\/hubba.co.nz\/out\/offer.php?id=251e491e-4a4a-4d6a-bee5-be94fd6a0ff7&o=spicychatai&t=\" class=\"m_jo-a-jy3\" target=\"_blank\">SpicyChat.ai<\/a><\/h3><div class=\"jbs_y-e34\"><\/div><\/div><\/div><div class=\"jbs_y-sxz\"><div><a href=\"https:\/\/hubba.co.nz\/out\/offer.php?id=251e491e-4a4a-4d6a-bee5-be94fd6a0ff7&o=spicychatai&t=\" class=\"gfj_a-i5n m_jo-a-jy3\"  target=\"_blank\"><\/a><\/div><\/div><\/div><\/div><\/div><\/p>\n<div class=\"mb30 wpsm_box blue_type nonefloat_box\" style=\"text-align:center; width:auto\"><a href=\"\/out\/offer.php?id=6a813e7f-3130-4375-bd24-2f65d2405e8b&amp;o=spicychatai&amp;t=\" style=\"color: blue\">\ud83c\udf39 Try AI Teen Pussy using Spicychat.ai Now! \ud83d\ude08<\/a><\/div>\n<h1><a href=\"\/out\/offer.php?id=6a813e7f-3130-4375-bd24-2f65d2405e8b&amp;o=promptchan&amp;t=\" target=\"_blank\" rel=\"noopener\"><span style=\"color: #8c54ff;\">\ud83d\udc59 Promptchan \ud83e\udd70<\/span><\/a><\/h1>\n<p><a href=\"\/out\/offer.php?id=6a813e7f-3130-4375-bd24-2f65d2405e8b&amp;o=promptchan&amp;t=\" target=\"_blank\" rel=\"noopener\"><img loading=\"lazy\" decoding=\"async\" class=\"aligncenter size-full\" src=\"\/images\/banners\/promptchan.jpg\" alt=\"\" width=\"800\" height=\"693\"><\/a><br \/>\n<h2>Uppt\u00e4ck Promptchan: Din kreativa bundsf\u00f6rvant<\/h2>\n                <p>Vi presenterar Promptchan: den ultimata lekplatsen f\u00f6r din fantasi, d\u00e4r du \u00e4r skaparen av digitala personas och arkitekten bakom f\u00e4ngslande konversationer! Dyk in i en v\u00e4rld d\u00e4r din kreativitet inte k\u00e4nner n\u00e5gra gr\u00e4nser. Skapa dina egna unika karakt\u00e4rer och se dem komma till liv, delta i dynamiska interaktioner som kontinuerligt utvecklas med din input. Oavsett om du designar en ny v\u00e4n, en f\u00f6rtrogen eller en dynamisk ber\u00e4ttare, erbjuder Promptchan en uppslukande upplevelse som suddar ut gr\u00e4nserna mellan verkligheten och den digitala v\u00e4rlden. Sl\u00e4pp loss din kreativitet idag och bevittna magin med AI n\u00e4r den f\u00f6rb\u00e4ttrar ditt ber\u00e4ttande och interaktiva upplevelser p\u00e5 ett s\u00e4tt du aldrig har f\u00f6rest\u00e4llt dig!    <\/p>\n            <div class=\"jbs_y-9qj kb_c-qth\"><div class=\"jn_wx-sta\"><div class=\"p_oka-yvo\"><div class=\"r_lak-en7\"><span class=\"ba-gf-h9a\"><span class=\"lg_dk-942\"><span>Ladda upp dina egna bilder<\/span><\/span><span class=\"ba-gf-a14\" style=\"border-top-color:#334dfe\"><\/span><\/span><div class=\"jbs_y-y2r\">1<\/div><figure><img loading=\"lazy\" decoding=\"async\" width=\"800\" height=\"540\" src=\"https:\/\/hubba.co.nz\/images\/promptchan.png\" class=\"rg_jas-dod m_jo-img-h2b\"><\/figure><\/div><div class=\"jbs_y-9ak\"><div class=\"ez_o-s16\"><h3 class=\"lg_dk-fvg m_jo-h3-e1z\"><a href=\"https:\/\/hubba.co.nz\/out\/offer.php?id=6a813e7f-3130-4375-bd24-2f65d2405e8b&o=promptchan&t=\" class=\"m_jo-a-jy3\" target=\"_blank\">PromptChan.ai<\/a><\/h3><div class=\"jbs_y-e34\">\u2714\ufe0f Skapa gifs och videor<br>\u2714\ufe0f Helt gratis att testa<br>\u2714\ufe0f Redigera dina ai-modeller<br>\u2714\ufe0f Skapa pornografiska bilder (ingen begr\u00e4nsning)<\/div><\/div><\/div><div class=\"jbs_y-sxz\"><div><a href=\"https:\/\/hubba.co.nz\/out\/offer.php?id=6a813e7f-3130-4375-bd24-2f65d2405e8b&o=promptchan&t=\" class=\"gfj_a-i5n m_jo-a-jy3\"  target=\"_blank\">Gratis provperiod<\/a><\/div><\/div><\/div><\/div><\/div><\/p>\n<div class=\"mb30 wpsm_box blue_type nonefloat_box\" style=\"text-align:center; width:auto\"><a href=\"\/out\/offer.php?id=6a813e7f-3130-4375-bd24-2f65d2405e8b&amp;o=promptchan&amp;t=\" style=\"color: blue\">\u2764\ufe0f Try AI Teen Pussy using Promptchan Now! \ud83c\udf89<\/a><\/div>\n<p>Sammanfattningsvis, medan Undress.cc, Spicychat.ai och Promptchan sticker ut som anm\u00e4rkningsv\u00e4rda val inom omr\u00e5det f\u00f6r AI-inneh\u00e5llsgeneratorer, tar FantasyGF onekligen kronan f\u00f6r att skapa de mest f\u00e4ngslande upplevelserna. Med sina unika f\u00f6rm\u00e5gor v\u00e4cker den fantasin till liv som ingen annan. F\u00f6r dem med olika preferenser kan du ocks\u00e5 njuta av att utforska olika kreativa sf\u00e4rer <a href=\"https:\/\/hubba.co.nz\/sv\/ai-lurvig-porr\/\">h\u00e4r<\/a>. Man kan inte ignorera FantasyGF:s f\u00f6rtr\u00e4fflighet n\u00e4r det g\u00e4ller att leverera o\u00f6vertr\u00e4ffat inneh\u00e5ll, s\u00e4rskilt n\u00e4r det g\u00e4ller AI Teen Pussy. Dyk in och njut av den magi som v\u00e4ntar, som v\u00e4cker fantasin och \u00f6verskrider virtuella gr\u00e4nser.    <\/p>\n<div class=\"jbs_y-9qj kb_c-qth\"><div class=\"jn_wx-sta\"><div class=\"p_oka-yvo\"><div class=\"r_lak-en7\"><span class=\"ba-gf-h9a\"><span class=\"lg_dk-942\"><span><\/span><\/span><span class=\"ba-gf-a14\" style=\"border-top-color:#334dfe\"><\/span><\/span><div class=\"jbs_y-y2r\">1<\/div><figure><img loading=\"lazy\" decoding=\"async\" width=\"800\" height=\"540\" src=\"https:\/\/hubba.co.nz\/images\/fantasygf.png\" class=\"rg_jas-dod m_jo-img-h2b\"><\/figure><\/div><div class=\"jbs_y-9ak\"><div class=\"ez_o-s16\"><h3 class=\"lg_dk-fvg m_jo-h3-e1z\"><a href=\"https:\/\/hubba.co.nz\/out\/offer.php?id=251e491e-4a4a-4d6a-bee5-be94fd6a0ff7&o=fantasygf&t=\" class=\"m_jo-a-jy3\" target=\"_blank\">FantasyGF<\/a><\/h3><div class=\"jbs_y-e34\"><\/div><\/div><\/div><div class=\"jbs_y-sxz\"><div><a href=\"https:\/\/hubba.co.nz\/out\/offer.php?id=251e491e-4a4a-4d6a-bee5-be94fd6a0ff7&o=fantasygf&t=\" class=\"gfj_a-i5n m_jo-a-jy3\"  target=\"_blank\"><\/a><\/div><\/div><\/div><\/div>\n<div class=\"jn_wx-sta\"><div class=\"p_oka-yvo\"><div class=\"r_lak-en7\"><div class=\"jbs_y-y2r\">2<\/div><figure><img loading=\"lazy\" decoding=\"async\" width=\"800\" height=\"540\" src=\"https:\/\/hubba.co.nz\/images\/undresscc.png\" class=\"rg_jas-dod m_jo-img-h2b\"><\/figure><\/div><div class=\"jbs_y-9ak\"><div class=\"ez_o-s16\"><h3 class=\"lg_dk-fvg m_jo-h3-e1z\"><a href=\"https:\/\/hubba.co.nz\/out\/offer.php?id=251e491e-4a4a-4d6a-bee5-be94fd6a0ff7&o=undresscc&t=\" class=\"m_jo-a-jy3\" target=\"_blank\">Undress.cc<\/a><\/h3><div class=\"jbs_y-e34\"><\/div><\/div><\/div><div class=\"jbs_y-sxz\"><div><a href=\"https:\/\/hubba.co.nz\/out\/offer.php?id=251e491e-4a4a-4d6a-bee5-be94fd6a0ff7&o=undresscc&t=\" class=\"gfj_a-i5n m_jo-a-jy3\"  target=\"_blank\"><\/a><\/div><\/div><\/div><\/div>\n<div class=\"jn_wx-sta\"><div class=\"p_oka-yvo\"><div class=\"r_lak-en7\"><div class=\"jbs_y-y2r\">3<\/div><figure><img loading=\"lazy\" decoding=\"async\" width=\"800\" height=\"540\" src=\"https:\/\/hubba.co.nz\/images\/spicychatai.png\" class=\"rg_jas-dod m_jo-img-h2b\"><\/figure><\/div><div class=\"jbs_y-9ak\"><div class=\"ez_o-s16\"><h3 class=\"lg_dk-fvg m_jo-h3-e1z\"><a href=\"https:\/\/hubba.co.nz\/out\/offer.php?id=251e491e-4a4a-4d6a-bee5-be94fd6a0ff7&o=spicychatai&t=\" class=\"m_jo-a-jy3\" target=\"_blank\">SpicyChat.ai<\/a><\/h3><div class=\"jbs_y-e34\"><\/div><\/div><\/div><div class=\"jbs_y-sxz\"><div><a href=\"https:\/\/hubba.co.nz\/out\/offer.php?id=251e491e-4a4a-4d6a-bee5-be94fd6a0ff7&o=spicychatai&t=\" class=\"gfj_a-i5n m_jo-a-jy3\"  target=\"_blank\"><\/a><\/div><\/div><\/div><\/div>\n<div class=\"jn_wx-sta\"><div class=\"p_oka-yvo\"><div class=\"r_lak-en7\"><div class=\"jbs_y-y2r\">4<\/div><figure><img loading=\"lazy\" decoding=\"async\" width=\"800\" height=\"540\" src=\"https:\/\/hubba.co.nz\/images\/promptchan.png\" class=\"rg_jas-dod m_jo-img-h2b\"><\/figure><\/div><div class=\"jbs_y-9ak\"><div class=\"ez_o-s16\"><h3 class=\"lg_dk-fvg m_jo-h3-e1z\"><a href=\"https:\/\/hubba.co.nz\/out\/offer.php?id=6a813e7f-3130-4375-bd24-2f65d2405e8b&o=promptchan&t=\" class=\"m_jo-a-jy3\" target=\"_blank\">PromptChan.ai<\/a><\/h3><div class=\"jbs_y-e34\">\u2714\ufe0f Skapa gifs och videor<br>\u2714\ufe0f Helt gratis att testa<br>\u2714\ufe0f Redigera dina ai-modeller<br>\u2714\ufe0f Skapa pornografiska bilder (ingen begr\u00e4nsning)<\/div><\/div><\/div><div class=\"jbs_y-sxz\"><div><a href=\"https:\/\/hubba.co.nz\/out\/offer.php?id=6a813e7f-3130-4375-bd24-2f65d2405e8b&o=promptchan&t=\" class=\"gfj_a-i5n m_jo-a-jy3\"  target=\"_blank\">Gratis provperiod<\/a><\/div><\/div><\/div><\/div><\/div>\n","protected":false},"excerpt":{"rendered":"<p>L\u00e5s upp AI-ton\u00e5rsfantasier: Motorv\u00e4gar att utforska genom AI-innovation \ud83c\udf46 AI har kommit l\u00e5ngt sedan revolutionens gryning, och en av de underavdelningar som har gynnats mycket \u00e4r AI ton\u00e5rsinneh\u00e5ll. F\u00f6ljande \u00e4r n\u00e5gra av de mest popul\u00e4ra verktygen f\u00f6r att bygga en het ton\u00e5ring! \ud83d\ude08 Fantasi GF \ud83d\ude0d \ud83c\udf36\ufe0f \ud83c\udf39 Undress.cc \ud83d\ude08 \ud83c\udf51 \ud83d\udc59 Promptchan \ud83e\udd70 Sammanfattningsvis, &#8230; <a title=\"AI Ton\u00e5ring Fitta\" class=\"read-more\" href=\"https:\/\/hubba.co.nz\/sv\/ai-tonaring-fitta\/\" aria-label=\"L\u00e4s mer om AI Ton\u00e5ring Fitta\">L\u00e4s mer<\/a><\/p>\n","protected":false},"author":1,"featured_media":0,"parent":0,"menu_order":0,"comment_status":"closed","ping_status":"closed","template":"","meta":{"footnotes":""},"class_list":["post-3021","page","type-page","status-publish"],"yoast_head":"<!-- This site is optimized with the Yoast SEO plugin v19.12 - https:\/\/yoast.com\/wordpress\/plugins\/seo\/ -->\n<title>AI Teen Pussy - L\u00e5s upp AI Teen Fantasies: Freeways att utforska genom AI-innovation<\/title>\n<meta name=\"robots\" content=\"index, follow, max-snippet:-1, max-image-preview:large, max-video-preview:-1\" \/>\n<link rel=\"canonical\" href=\"https:\/\/hubba.co.nz\/sv\/ai-tonaring-fitta\/\" \/>\n<meta property=\"og:locale\" content=\"sv_SE\" \/>\n<meta property=\"og:type\" content=\"article\" \/>\n<meta property=\"og:title\" content=\"AI Teen Pussy - L\u00e5s upp AI Teen Fantasies: Freeways att utforska genom AI-innovation\" \/>\n<meta property=\"og:description\" content=\"L\u00e5s upp AI-ton\u00e5rsfantasier: Motorv\u00e4gar att utforska genom AI-innovation \ud83c\udf46 AI har kommit l\u00e5ngt sedan revolutionens gryning, och en av de underavdelningar som har gynnats mycket \u00e4r AI ton\u00e5rsinneh\u00e5ll. F\u00f6ljande \u00e4r n\u00e5gra av de mest popul\u00e4ra verktygen f\u00f6r att bygga en het ton\u00e5ring! \ud83d\ude08 Fantasi GF \ud83d\ude0d \ud83c\udf36\ufe0f \ud83c\udf39 Undress.cc \ud83d\ude08 \ud83c\udf51 \ud83d\udc59 Promptchan \ud83e\udd70 Sammanfattningsvis, ... L\u00e4s mer\" \/>\n<meta property=\"og:url\" content=\"https:\/\/hubba.co.nz\/sv\/ai-tonaring-fitta\/\" \/>\n<meta property=\"og:site_name\" content=\"Hubba NZ\" \/>\n<meta name=\"twitter:card\" content=\"summary_large_image\" \/>\n<meta name=\"twitter:label1\" content=\"Ber\u00e4knad l\u00e4stid\" \/>\n\t<meta name=\"twitter:data1\" content=\"4 minuter\" \/>\n<script type=\"application\/ld+json\" class=\"yoast-schema-graph\">{\"@context\":\"https:\/\/schema.org\",\"@graph\":[{\"@type\":\"WebPage\",\"@id\":\"https:\/\/hubba.co.nz\/sv\/ai-tonaring-fitta\/\",\"url\":\"https:\/\/hubba.co.nz\/sv\/ai-tonaring-fitta\/\",\"name\":\"AI Teen Pussy - L\u00e5s upp AI Teen Fantasies: Freeways att utforska genom AI-innovation\",\"isPartOf\":{\"@id\":\"https:\/\/hubba.co.nz\/sv\/#website\"},\"datePublished\":\"2025-03-08T08:09:09+00:00\",\"dateModified\":\"2025-03-08T08:09:09+00:00\",\"breadcrumb\":{\"@id\":\"https:\/\/hubba.co.nz\/sv\/ai-tonaring-fitta\/#breadcrumb\"},\"inLanguage\":\"sv-SE\",\"potentialAction\":[{\"@type\":\"ReadAction\",\"target\":[\"https:\/\/hubba.co.nz\/sv\/ai-tonaring-fitta\/\"]}]},{\"@type\":\"BreadcrumbList\",\"@id\":\"https:\/\/hubba.co.nz\/sv\/ai-tonaring-fitta\/#breadcrumb\",\"itemListElement\":[{\"@type\":\"ListItem\",\"position\":1,\"name\":\"Home\",\"item\":\"https:\/\/hubba.co.nz\/sv\/traffa-och-knulla-webbplatser-nya-zeeland\/\"},{\"@type\":\"ListItem\",\"position\":2,\"name\":\"AI Ton\u00e5ring Fitta\"}]},{\"@type\":\"WebSite\",\"@id\":\"https:\/\/hubba.co.nz\/sv\/#website\",\"url\":\"https:\/\/hubba.co.nz\/sv\/\",\"name\":\"Hubba NZ\",\"description\":\"\",\"potentialAction\":[{\"@type\":\"SearchAction\",\"target\":{\"@type\":\"EntryPoint\",\"urlTemplate\":\"https:\/\/hubba.co.nz\/sv\/?s={search_term_string}\"},\"query-input\":\"required name=search_term_string\"}],\"inLanguage\":\"sv-SE\"}]}<\/script>\n<!-- \/ Yoast SEO plugin. -->","yoast_head_json":{"title":"AI Teen Pussy - L\u00e5s upp AI Teen Fantasies: Freeways att utforska genom AI-innovation","robots":{"index":"index","follow":"follow","max-snippet":"max-snippet:-1","max-image-preview":"max-image-preview:large","max-video-preview":"max-video-preview:-1"},"canonical":"https:\/\/hubba.co.nz\/sv\/ai-tonaring-fitta\/","og_locale":"sv_SE","og_type":"article","og_title":"AI Teen Pussy - L\u00e5s upp AI Teen Fantasies: Freeways att utforska genom AI-innovation","og_description":"L\u00e5s upp AI-ton\u00e5rsfantasier: Motorv\u00e4gar att utforska genom AI-innovation \ud83c\udf46 AI har kommit l\u00e5ngt sedan revolutionens gryning, och en av de underavdelningar som har gynnats mycket \u00e4r AI ton\u00e5rsinneh\u00e5ll. F\u00f6ljande \u00e4r n\u00e5gra av de mest popul\u00e4ra verktygen f\u00f6r att bygga en het ton\u00e5ring! \ud83d\ude08 Fantasi GF \ud83d\ude0d \ud83c\udf36\ufe0f \ud83c\udf39 Undress.cc \ud83d\ude08 \ud83c\udf51 \ud83d\udc59 Promptchan \ud83e\udd70 Sammanfattningsvis, ... L\u00e4s mer","og_url":"https:\/\/hubba.co.nz\/sv\/ai-tonaring-fitta\/","og_site_name":"Hubba NZ","twitter_card":"summary_large_image","twitter_misc":{"Ber\u00e4knad l\u00e4stid":"4 minuter"},"schema":{"@context":"https:\/\/schema.org","@graph":[{"@type":"WebPage","@id":"https:\/\/hubba.co.nz\/sv\/ai-tonaring-fitta\/","url":"https:\/\/hubba.co.nz\/sv\/ai-tonaring-fitta\/","name":"AI Teen Pussy - L\u00e5s upp AI Teen Fantasies: Freeways att utforska genom AI-innovation","isPartOf":{"@id":"https:\/\/hubba.co.nz\/sv\/#website"},"datePublished":"2025-03-08T08:09:09+00:00","dateModified":"2025-03-08T08:09:09+00:00","breadcrumb":{"@id":"https:\/\/hubba.co.nz\/sv\/ai-tonaring-fitta\/#breadcrumb"},"inLanguage":"sv-SE","potentialAction":[{"@type":"ReadAction","target":["https:\/\/hubba.co.nz\/sv\/ai-tonaring-fitta\/"]}]},{"@type":"BreadcrumbList","@id":"https:\/\/hubba.co.nz\/sv\/ai-tonaring-fitta\/#breadcrumb","itemListElement":[{"@type":"ListItem","position":1,"name":"Home","item":"https:\/\/hubba.co.nz\/sv\/traffa-och-knulla-webbplatser-nya-zeeland\/"},{"@type":"ListItem","position":2,"name":"AI Ton\u00e5ring Fitta"}]},{"@type":"WebSite","@id":"https:\/\/hubba.co.nz\/sv\/#website","url":"https:\/\/hubba.co.nz\/sv\/","name":"Hubba NZ","description":"","potentialAction":[{"@type":"SearchAction","target":{"@type":"EntryPoint","urlTemplate":"https:\/\/hubba.co.nz\/sv\/?s={search_term_string}"},"query-input":"required name=search_term_string"}],"inLanguage":"sv-SE"}]}},"_links":{"self":[{"href":"https:\/\/hubba.co.nz\/sv\/wp-json\/wp\/v2\/pages\/3021","targetHints":{"allow":["GET"]}}],"collection":[{"href":"https:\/\/hubba.co.nz\/sv\/wp-json\/wp\/v2\/pages"}],"about":[{"href":"https:\/\/hubba.co.nz\/sv\/wp-json\/wp\/v2\/types\/page"}],"author":[{"embeddable":true,"href":"https:\/\/hubba.co.nz\/sv\/wp-json\/wp\/v2\/users\/1"}],"replies":[{"embeddable":true,"href":"https:\/\/hubba.co.nz\/sv\/wp-json\/wp\/v2\/comments?post=3021"}],"version-history":[{"count":0,"href":"https:\/\/hubba.co.nz\/sv\/wp-json\/wp\/v2\/pages\/3021\/revisions"}],"wp:attachment":[{"href":"https:\/\/hubba.co.nz\/sv\/wp-json\/wp\/v2\/media?parent=3021"}],"curies":[{"name":"wp","href":"https:\/\/api.w.org\/{rel}","templated":true}]}}